{"id":639,"date":"2022-06-08T07:45:32","date_gmt":"2022-06-08T07:45:32","guid":{"rendered":"http:\/\/10.3.43.9\/?page_id=639"},"modified":"2022-07-11T13:48:34","modified_gmt":"2022-07-11T11:48:34","slug":"menschen-im-verein","status":"publish","type":"page","link":"https:\/\/kuvv.de\/index.php\/menschen-im-verein\/","title":{"rendered":"Menschen im Verein"},"content":{"rendered":"\t\t<div data-elementor-type=\"wp-page\" data-elementor-id=\"639\" class=\"elementor elementor-639\">\n\t\t\t\t\t\t<section class=\"elementor-section elementor-top-section elementor-element elementor-element-9ce7f16 elementor-section-boxed elementor-section-height-default elementor-section-height-default\" data-id=\"9ce7f16\" data-element_type=\"section\" data-e-type=\"section\">\n\t\t\t\t\t\t<div class=\"elementor-container elementor-column-gap-default\">\n\t\t\t\t\t<div class=\"elementor-column elementor-col-100 elementor-top-column elementor-element elementor-element-58f56f1\" data-id=\"58f56f1\" data-element_type=\"column\" data-e-type=\"column\">\n\t\t\t<div class=\"elementor-widget-wrap elementor-element-populated\">\n\t\t\t\t\t\t<div class=\"elementor-element elementor-element-3ec9f7f heading-block elementor-widget elementor-widget-heading\" data-id=\"3ec9f7f\" data-element_type=\"widget\" data-e-type=\"widget\" data-widget_type=\"heading.default\">\n\t\t\t\t<div class=\"elementor-widget-container\">\n\t\t\t\t\t<h2 class=\"elementor-heading-title elementor-size-default\">Der Vorstand<\/h2>\t\t\t\t<\/div>\n\t\t\t\t<\/div>\n\t\t\t\t<div class=\"elementor-element elementor-element-93b9c76 elementor-widget-divider--view-line elementor-widget elementor-widget-divider\" data-id=\"93b9c76\" data-element_type=\"widget\" data-e-type=\"widget\" data-widget_type=\"divider.default\">\n\t\t\t\t<div class=\"elementor-widget-container\">\n\t\t\t\t\t\t\t<div class=\"elementor-divider\">\n\t\t\t<span class=\"elementor-divider-separator\">\n\t\t\t\t\t\t<\/span>\n\t\t<\/div>\n\t\t\t\t\t\t<\/div>\n\t\t\t\t<\/div>\n\t\t\t\t<section class=\"elementor-section elementor-inner-section elementor-element elementor-element-ceef7a8 elementor-section-boxed elementor-section-height-default elementor-section-height-default\" data-id=\"ceef7a8\" data-element_type=\"section\" data-e-type=\"section\">\n\t\t\t\t\t\t<div class=\"elementor-container elementor-column-gap-default\">\n\t\t\t\t\t<div class=\"elementor-column elementor-col-33 elementor-inner-column elementor-element elementor-element-2830967\" data-id=\"2830967\" data-element_type=\"column\" data-e-type=\"column\">\n\t\t\t<div class=\"elementor-widget-wrap elementor-element-populated\">\n\t\t\t\t\t\t<div class=\"elementor-element elementor-element-1243d7e elementor-position-top elementor-widget elementor-widget-image-box\" data-id=\"1243d7e\" data-element_type=\"widget\" data-e-type=\"widget\" data-widget_type=\"image-box.default\">\n\t\t\t\t<div class=\"elementor-widget-container\">\n\t\t\t\t\t<div class=\"elementor-image-box-wrapper\"><figure class=\"elementor-image-box-img\"><a href=\"http:\/\/kuvv.de\/index.php\/menschen-im-verein\/\" tabindex=\"-1\"><img fetchpriority=\"high\" decoding=\"async\" width=\"300\" height=\"236\" src=\"https:\/\/kuvv.de\/wp-content\/uploads\/2022\/07\/Bild_Vorstand_2-1-300x236.jpg\" class=\"elementor-animation-shrink attachment-medium size-medium wp-image-1949\" alt=\"\" srcset=\"https:\/\/kuvv.de\/wp-content\/uploads\/2022\/07\/Bild_Vorstand_2-1-300x236.jpg 300w, https:\/\/kuvv.de\/wp-content\/uploads\/2022\/07\/Bild_Vorstand_2-1-1024x807.jpg 1024w, https:\/\/kuvv.de\/wp-content\/uploads\/2022\/07\/Bild_Vorstand_2-1-768x605.jpg 768w, https:\/\/kuvv.de\/wp-content\/uploads\/2022\/07\/Bild_Vorstand_2-1.jpg 1244w\" sizes=\"(max-width: 300px) 100vw, 300px\" \/><\/a><\/figure><div class=\"elementor-image-box-content\"><p class=\"elementor-image-box-description\">Vorstand<\/p><\/div><\/div>\t\t\t\t<\/div>\n\t\t\t\t<\/div>\n\t\t\t\t\t<\/div>\n\t\t<\/div>\n\t\t\t\t<div class=\"elementor-column elementor-col-33 elementor-inner-column elementor-element elementor-element-4c026e2\" data-id=\"4c026e2\" data-element_type=\"column\" data-e-type=\"column\">\n\t\t\t<div class=\"elementor-widget-wrap elementor-element-populated\">\n\t\t\t\t\t\t<div class=\"elementor-element elementor-element-2b0522f elementor-position-top elementor-widget elementor-widget-image-box\" data-id=\"2b0522f\" data-element_type=\"widget\" data-e-type=\"widget\" data-widget_type=\"image-box.default\">\n\t\t\t\t<div class=\"elementor-widget-container\">\n\t\t\t\t\t<div class=\"elementor-image-box-wrapper\"><figure class=\"elementor-image-box-img\"><a href=\"http:\/\/kuvv.de\/index.php\/beirat\" tabindex=\"-1\"><img decoding=\"async\" width=\"300\" height=\"264\" src=\"https:\/\/kuvv.de\/wp-content\/uploads\/2022\/07\/Screenshot-2022-07-11-115030-1-300x264.png\" class=\"elementor-animation-shrink attachment-medium size-medium wp-image-1957\" alt=\"\" srcset=\"https:\/\/kuvv.de\/wp-content\/uploads\/2022\/07\/Screenshot-2022-07-11-115030-1-300x264.png 300w, https:\/\/kuvv.de\/wp-content\/uploads\/2022\/07\/Screenshot-2022-07-11-115030-1.png 438w\" sizes=\"(max-width: 300px) 100vw, 300px\" \/><\/a><\/figure><div class=\"elementor-image-box-content\"><p class=\"elementor-image-box-description\">Beirat<\/p><\/div><\/div>\t\t\t\t<\/div>\n\t\t\t\t<\/div>\n\t\t\t\t\t<\/div>\n\t\t<\/div>\n\t\t\t\t<div class=\"elementor-column elementor-col-33 elementor-inner-column elementor-element elementor-element-85a9f25\" data-id=\"85a9f25\" data-element_type=\"column\" data-e-type=\"column\">\n\t\t\t<div class=\"elementor-widget-wrap elementor-element-populated\">\n\t\t\t\t\t\t<div class=\"elementor-element elementor-element-af23f1c elementor-position-top elementor-widget elementor-widget-image-box\" data-id=\"af23f1c\" data-element_type=\"widget\" data-e-type=\"widget\" data-widget_type=\"image-box.default\">\n\t\t\t\t<div class=\"elementor-widget-container\">\n\t\t\t\t\t<div class=\"elementor-image-box-wrapper\"><figure class=\"elementor-image-box-img\"><a href=\"http:\/\/kuvv.de\/index.php\/mitglieder\" tabindex=\"-1\"><img decoding=\"async\" width=\"297\" height=\"283\" src=\"https:\/\/kuvv.de\/wp-content\/uploads\/2022\/07\/Screenshot-2022-07-11-113812.png\" class=\"elementor-animation-shrink attachment-medium size-medium wp-image-1943\" alt=\"\" \/><\/a><\/figure><div class=\"elementor-image-box-content\"><p class=\"elementor-image-box-description\">Mitglieder<\/p><\/div><\/div>\t\t\t\t<\/div>\n\t\t\t\t<\/div>\n\t\t\t\t\t<\/div>\n\t\t<\/div>\n\t\t\t\t\t<\/div>\n\t\t<\/section>\n\t\t\t\t<div class=\"elementor-element elementor-element-25f76bb elementor-widget-divider--view-line elementor-widget elementor-widget-divider\" data-id=\"25f76bb\" data-element_type=\"widget\" data-e-type=\"widget\" data-widget_type=\"divider.default\">\n\t\t\t\t<div class=\"elementor-widget-container\">\n\t\t\t\t\t\t\t<div class=\"elementor-divider\">\n\t\t\t<span class=\"elementor-divider-separator\">\n\t\t\t\t\t\t<\/span>\n\t\t<\/div>\n\t\t\t\t\t\t<\/div>\n\t\t\t\t<\/div>\n\t\t\t\t\t<\/div>\n\t\t<\/div>\n\t\t\t\t\t<\/div>\n\t\t<\/section>\n\t\t\t\t<section class=\"elementor-section elementor-top-section elementor-element elementor-element-99123f4 elementor-section-boxed elementor-section-height-default elementor-section-height-default\" data-id=\"99123f4\" data-element_type=\"section\" data-e-type=\"section\">\n\t\t\t\t\t\t<div class=\"elementor-container elementor-column-gap-default\">\n\t\t\t\t\t<div class=\"elementor-column elementor-col-100 elementor-top-column elementor-element elementor-element-aea0235\" data-id=\"aea0235\" data-element_type=\"column\" data-e-type=\"column\">\n\t\t\t<div class=\"elementor-widget-wrap elementor-element-populated\">\n\t\t\t\t\t\t\t<\/div>\n\t\t<\/div>\n\t\t\t\t\t<\/div>\n\t\t<\/section>\n\t\t\t\t<section class=\"elementor-section elementor-top-section elementor-element elementor-element-03e34c2 elementor-section-boxed elementor-section-height-default elementor-section-height-default\" data-id=\"03e34c2\" data-element_type=\"section\" data-e-type=\"section\">\n\t\t\t\t\t\t<div class=\"elementor-container elementor-column-gap-default\">\n\t\t\t\t\t<div class=\"elementor-column elementor-col-33 elementor-top-column elementor-element elementor-element-5b3d0ce\" data-id=\"5b3d0ce\" data-element_type=\"column\" data-e-type=\"column\">\n\t\t\t<div class=\"elementor-widget-wrap elementor-element-populated\">\n\t\t\t\t\t\t<div class=\"elementor-element elementor-element-ec10b7e elementor-widget elementor-widget-image\" data-id=\"ec10b7e\" data-element_type=\"widget\" data-e-type=\"widget\" data-widget_type=\"image.default\">\n\t\t\t\t<div class=\"elementor-widget-container\">\n\t\t\t\t\t\t\t\t\t\t\t\t\t\t\t<img loading=\"lazy\" decoding=\"async\" width=\"320\" height=\"415\" src=\"https:\/\/kuvv.de\/wp-content\/uploads\/2022\/07\/Angelika-Messmer.jpg\" class=\"attachment-large size-large wp-image-1928\" alt=\"\" srcset=\"https:\/\/kuvv.de\/wp-content\/uploads\/2022\/07\/Angelika-Messmer.jpg 320w, https:\/\/kuvv.de\/wp-content\/uploads\/2022\/07\/Angelika-Messmer-231x300.jpg 231w\" sizes=\"100vw\" \/>\t\t\t\t\t\t\t\t\t\t\t\t\t\t\t<\/div>\n\t\t\t\t<\/div>\n\t\t\t\t\t<\/div>\n\t\t<\/div>\n\t\t\t\t<div class=\"elementor-column elementor-col-66 elementor-top-column elementor-element elementor-element-21b022f\" data-id=\"21b022f\" data-element_type=\"column\" data-e-type=\"column\">\n\t\t\t<div class=\"elementor-widget-wrap elementor-element-populated\">\n\t\t\t\t\t\t<div class=\"elementor-element elementor-element-ac8d597 elementor-widget elementor-widget-text-editor\" data-id=\"ac8d597\" data-element_type=\"widget\" data-e-type=\"widget\" data-widget_type=\"text-editor.default\">\n\t\t\t\t<div class=\"elementor-widget-container\">\n\t\t\t\t\t\t\t\t\t<p><strong>Angelika Messmer<\/strong><\/p><p>Vorstand<\/p><p>DRG-Koordinatorin der Allgemein-, Viszeral- und Transplantationschirurgie am\u00a0Universit\u00e4tsklinikum Heidelberg \/langj\u00e4hriges ehrenamtliches Engagement in der\u00a0Erinnerungsarbeit, vor allem im J\u00fcdischen Leben Kraichgau e.V.und als G\u00e4stef\u00fchrerin der\u00a0Gemeinde Bad Sch\u00f6nborn.<\/p><p>Warum ich mich im Verein engagiere:<\/p><p><em>\u201eIch engagiere mich im Kur-und Verkehrsverein, weil ich die Traditionen und Besonderheiten unserer Region pflegen und bewahren m\u00f6chte, besonders der Erhalt unserer Kulturlandschaft, alte Geb\u00e4ude und Pl\u00e4tze unseres Dorfes- sind sie authentische Orte der\u00a0Bad Sch\u00f6nborner Ortsgeschichte und der geschichtlichen Erinnerung.&#8220;<\/em><\/p>\t\t\t\t\t\t\t\t<\/div>\n\t\t\t\t<\/div>\n\t\t\t\t\t<\/div>\n\t\t<\/div>\n\t\t\t\t\t<\/div>\n\t\t<\/section>\n\t\t\t\t<section class=\"elementor-section elementor-top-section elementor-element elementor-element-ef24f1e elementor-section-boxed elementor-section-height-default elementor-section-height-default\" data-id=\"ef24f1e\" data-element_type=\"section\" data-e-type=\"section\">\n\t\t\t\t\t\t<div class=\"elementor-container elementor-column-gap-default\">\n\t\t\t\t\t<div class=\"elementor-column elementor-col-100 elementor-top-column elementor-element elementor-element-d56675e\" data-id=\"d56675e\" data-element_type=\"column\" data-e-type=\"column\">\n\t\t\t<div class=\"elementor-widget-wrap elementor-element-populated\">\n\t\t\t\t\t\t<div class=\"elementor-element elementor-element-c67e7df elementor-widget-divider--view-line elementor-widget elementor-widget-divider\" data-id=\"c67e7df\" data-element_type=\"widget\" data-e-type=\"widget\" data-widget_type=\"divider.default\">\n\t\t\t\t<div class=\"elementor-widget-container\">\n\t\t\t\t\t\t\t<div class=\"elementor-divider\">\n\t\t\t<span class=\"elementor-divider-separator\">\n\t\t\t\t\t\t<\/span>\n\t\t<\/div>\n\t\t\t\t\t\t<\/div>\n\t\t\t\t<\/div>\n\t\t\t\t\t<\/div>\n\t\t<\/div>\n\t\t\t\t\t<\/div>\n\t\t<\/section>\n\t\t\t\t<section class=\"elementor-section elementor-top-section elementor-element elementor-element-13d3be3 elementor-section-boxed elementor-section-height-default elementor-section-height-default\" data-id=\"13d3be3\" data-element_type=\"section\" data-e-type=\"section\">\n\t\t\t\t\t\t<div class=\"elementor-container elementor-column-gap-default\">\n\t\t\t\t\t<div class=\"elementor-column elementor-col-66 elementor-top-column elementor-element elementor-element-f4b2601\" data-id=\"f4b2601\" data-element_type=\"column\" data-e-type=\"column\">\n\t\t\t<div class=\"elementor-widget-wrap elementor-element-populated\">\n\t\t\t\t\t\t<div class=\"elementor-element elementor-element-6855df5 elementor-widget elementor-widget-text-editor\" data-id=\"6855df5\" data-element_type=\"widget\" data-e-type=\"widget\" data-widget_type=\"text-editor.default\">\n\t\t\t\t<div class=\"elementor-widget-container\">\n\t\t\t\t\t\t\t\t\t<p><strong>Norbert Dirolf&nbsp;<\/strong><\/p>\n<p>Vorstand&nbsp;<\/p>\n<p>Diplomverwaltungswirt Polizei (FH), Erster Polizeihauptkommissar a.D.&nbsp;<\/p>\n<p>Dozent f\u00fcr Gefahrgutrecht an der Dualen Hochschule in Mannheim<\/p>\n<p>Warum ich mich im Verein engagiere:&nbsp;<\/p>\n<p><em>\u201eIch engagiere mich im Kur-und Verkehrsverein, weil ich in diesem Ort geboren bin und die Natur, unser Dorfleben und die tolle Infrastruktur sehr sch\u00e4tze.<\/em><br><em>Ich m\u00f6chte Tradition und Brauchtum sowie historische Geb\u00e4ude erhalten und f\u00f6rdern.&nbsp;<\/em><em>Weiterhin m\u00f6chte ich zur Versch\u00f6nerung unseres Ortes beitragen.\u201c<\/em><\/p>\t\t\t\t\t\t\t\t<\/div>\n\t\t\t\t<\/div>\n\t\t\t\t\t<\/div>\n\t\t<\/div>\n\t\t\t\t<div class=\"elementor-column elementor-col-33 elementor-top-column elementor-element elementor-element-f613762\" data-id=\"f613762\" data-element_type=\"column\" data-e-type=\"column\">\n\t\t\t<div class=\"elementor-widget-wrap elementor-element-populated\">\n\t\t\t\t\t\t<div class=\"elementor-element elementor-element-57507c0 elementor-widget elementor-widget-image\" data-id=\"57507c0\" data-element_type=\"widget\" data-e-type=\"widget\" data-widget_type=\"image.default\">\n\t\t\t\t<div class=\"elementor-widget-container\">\n\t\t\t\t\t\t\t\t\t\t\t\t\t\t\t<img loading=\"lazy\" decoding=\"async\" width=\"320\" height=\"415\" src=\"https:\/\/kuvv.de\/wp-content\/uploads\/2022\/07\/Norbert-Dirolf.jpg\" class=\"attachment-large size-large wp-image-1930\" alt=\"\" srcset=\"https:\/\/kuvv.de\/wp-content\/uploads\/2022\/07\/Norbert-Dirolf.jpg 320w, https:\/\/kuvv.de\/wp-content\/uploads\/2022\/07\/Norbert-Dirolf-231x300.jpg 231w\" sizes=\"100vw\" \/>\t\t\t\t\t\t\t\t\t\t\t\t\t\t\t<\/div>\n\t\t\t\t<\/div>\n\t\t\t\t\t<\/div>\n\t\t<\/div>\n\t\t\t\t\t<\/div>\n\t\t<\/section>\n\t\t\t\t<section class=\"elementor-section elementor-top-section elementor-element elementor-element-1107714 elementor-section-boxed elementor-section-height-default elementor-section-height-default\" data-id=\"1107714\" data-element_type=\"section\" data-e-type=\"section\">\n\t\t\t\t\t\t<div class=\"elementor-container elementor-column-gap-default\">\n\t\t\t\t\t<div class=\"elementor-column elementor-col-100 elementor-top-column elementor-element elementor-element-aa20bf9\" data-id=\"aa20bf9\" data-element_type=\"column\" data-e-type=\"column\">\n\t\t\t<div class=\"elementor-widget-wrap elementor-element-populated\">\n\t\t\t\t\t\t<div class=\"elementor-element elementor-element-29dcb52 elementor-widget-divider--view-line elementor-widget elementor-widget-divider\" data-id=\"29dcb52\" data-element_type=\"widget\" data-e-type=\"widget\" data-widget_type=\"divider.default\">\n\t\t\t\t<div class=\"elementor-widget-container\">\n\t\t\t\t\t\t\t<div class=\"elementor-divider\">\n\t\t\t<span class=\"elementor-divider-separator\">\n\t\t\t\t\t\t<\/span>\n\t\t<\/div>\n\t\t\t\t\t\t<\/div>\n\t\t\t\t<\/div>\n\t\t\t\t\t<\/div>\n\t\t<\/div>\n\t\t\t\t\t<\/div>\n\t\t<\/section>\n\t\t\t\t<section class=\"elementor-section elementor-top-section elementor-element elementor-element-fcf1620 elementor-section-boxed elementor-section-height-default elementor-section-height-default\" data-id=\"fcf1620\" data-element_type=\"section\" data-e-type=\"section\">\n\t\t\t\t\t\t<div class=\"elementor-container elementor-column-gap-default\">\n\t\t\t\t\t<div class=\"elementor-column elementor-col-33 elementor-top-column elementor-element elementor-element-b194544\" data-id=\"b194544\" data-element_type=\"column\" data-e-type=\"column\">\n\t\t\t<div class=\"elementor-widget-wrap elementor-element-populated\">\n\t\t\t\t\t\t<div class=\"elementor-element elementor-element-4f4d7f6 elementor-widget elementor-widget-image\" data-id=\"4f4d7f6\" data-element_type=\"widget\" data-e-type=\"widget\" data-widget_type=\"image.default\">\n\t\t\t\t<div class=\"elementor-widget-container\">\n\t\t\t\t\t\t\t\t\t\t\t\t\t\t\t<img loading=\"lazy\" decoding=\"async\" width=\"320\" height=\"415\" src=\"https:\/\/kuvv.de\/wp-content\/uploads\/2022\/07\/Klaus-Heinzmann.jpg\" class=\"attachment-large size-large wp-image-1929\" alt=\"\" srcset=\"https:\/\/kuvv.de\/wp-content\/uploads\/2022\/07\/Klaus-Heinzmann.jpg 320w, https:\/\/kuvv.de\/wp-content\/uploads\/2022\/07\/Klaus-Heinzmann-231x300.jpg 231w\" sizes=\"100vw\" \/>\t\t\t\t\t\t\t\t\t\t\t\t\t\t\t<\/div>\n\t\t\t\t<\/div>\n\t\t\t\t\t<\/div>\n\t\t<\/div>\n\t\t\t\t<div class=\"elementor-column elementor-col-66 elementor-top-column elementor-element elementor-element-7951e26\" data-id=\"7951e26\" data-element_type=\"column\" data-e-type=\"column\">\n\t\t\t<div class=\"elementor-widget-wrap elementor-element-populated\">\n\t\t\t\t\t\t<div class=\"elementor-element elementor-element-c0c927d elementor-widget elementor-widget-text-editor\" data-id=\"c0c927d\" data-element_type=\"widget\" data-e-type=\"widget\" data-widget_type=\"text-editor.default\">\n\t\t\t\t<div class=\"elementor-widget-container\">\n\t\t\t\t\t\t\t\t\t<p><strong>Klaus Heinzmann&nbsp;<\/strong><\/p>\n<p>Vorstand&nbsp;<\/p>\n<p>Leiter der Tourist Information Bad Sch\u00f6nborn seit 2000. Vorstandsmitglied des Kur- und Verkehrsvereins Bad Sch\u00f6nborn seit 1995.&nbsp;<\/p>\n<p>Warum ich mich im Verein engagiere:<\/p><p><em style=\"color: var( --e-global-color-text );\">\u201eAus hoher Wertsch\u00e4tzung gegen\u00fcber unserer Vorfahren und aus Verantwortung f\u00fcr zuk\u00fcnftige Generationen engagiere ich mich seit 27 Jahren im Kur- und Verkehrsverein! Ich&nbsp;m\u00f6chte mit dem Verein Identit\u00e4t und Identifikation zu und f\u00fcr Bad Sch\u00f6nborn schaffen. Alle&nbsp;Bestrebungen unser Heilbad attraktiver und lebenswerter zu machen m\u00f6chte ich mit aller&nbsp;Kraft unterst\u00fctzen!\u201c<\/em><\/p>\t\t\t\t\t\t\t\t<\/div>\n\t\t\t\t<\/div>\n\t\t\t\t\t<\/div>\n\t\t<\/div>\n\t\t\t\t\t<\/div>\n\t\t<\/section>\n\t\t\t\t<\/div>\n\t\t","protected":false},"excerpt":{"rendered":"<p>Der Vorstand Vorstand Beirat Mitglieder Angelika Messmer Vorstand DRG-Koordinatorin der Allgemein-, Viszeral- und Transplantationschirurgie am\u00a0Universit\u00e4tsklinikum Heidelberg \/langj\u00e4hriges ehrenamtliches Engagement in der\u00a0Erinnerungsarbeit, vor allem im J\u00fcdischen Leben Kraichgau e.V.und als G\u00e4stef\u00fchrerin der\u00a0Gemeinde Bad Sch\u00f6nborn. Warum ich mich im Verein engagiere: \u201eIch engagiere mich im Kur-und Verkehrsverein, weil ich die Traditionen und Besonderheiten unserer Region pflegen und &hellip; <\/p>\n<p class=\"link-more\"><a href=\"https:\/\/kuvv.de\/index.php\/menschen-im-verein\/\" class=\"more-link\">Mehr <span class=\"screen-reader-text\">\u00fcber &#8222;Menschen im Verein&#8220; <\/span>Lesen<\/a><\/p>\n","protected":false},"author":8,"featured_media":0,"parent":0,"menu_order":0,"comment_status":"closed","ping_status":"closed","template":"","meta":{"footnotes":""},"class_list":["post-639","page","type-page","status-publish","hentry"],"_links":{"self":[{"href":"https:\/\/kuvv.de\/index.php\/wp-json\/wp\/v2\/pages\/639","targetHints":{"allow":["GET"]}}],"collection":[{"href":"https:\/\/kuvv.de\/index.php\/wp-json\/wp\/v2\/pages"}],"about":[{"href":"https:\/\/kuvv.de\/index.php\/wp-json\/wp\/v2\/types\/page"}],"author":[{"embeddable":true,"href":"https:\/\/kuvv.de\/index.php\/wp-json\/wp\/v2\/users\/8"}],"replies":[{"embeddable":true,"href":"https:\/\/kuvv.de\/index.php\/wp-json\/wp\/v2\/comments?post=639"}],"version-history":[{"count":100,"href":"https:\/\/kuvv.de\/index.php\/wp-json\/wp\/v2\/pages\/639\/revisions"}],"predecessor-version":[{"id":1986,"href":"https:\/\/kuvv.de\/index.php\/wp-json\/wp\/v2\/pages\/639\/revisions\/1986"}],"wp:attachment":[{"href":"https:\/\/kuvv.de\/index.php\/wp-json\/wp\/v2\/media?parent=639"}],"curies":[{"name":"wp","href":"https:\/\/api.w.org\/{rel}","templated":true}]}}