{"id":634,"date":"2022-06-08T07:43:43","date_gmt":"2022-06-08T07:43:43","guid":{"rendered":"http:\/\/10.3.43.9\/?page_id=634"},"modified":"2022-07-11T15:09:23","modified_gmt":"2022-07-11T13:09:23","slug":"unterstuetzen","status":"publish","type":"page","link":"https:\/\/kuvv.de\/index.php\/unterstuetzen\/","title":{"rendered":"Unterst\u00fctzen"},"content":{"rendered":"\t\t<div data-elementor-type=\"wp-page\" data-elementor-id=\"634\" class=\"elementor elementor-634\">\n\t\t\t\t\t\t<section class=\"elementor-section elementor-top-section elementor-element elementor-element-60cec80 elementor-section-boxed elementor-section-height-default elementor-section-height-default\" data-id=\"60cec80\" data-element_type=\"section\" data-e-type=\"section\">\n\t\t\t\t\t\t<div class=\"elementor-container elementor-column-gap-default\">\n\t\t\t\t\t<div class=\"elementor-column elementor-col-100 elementor-top-column elementor-element elementor-element-512244c\" data-id=\"512244c\" data-element_type=\"column\" data-e-type=\"column\">\n\t\t\t<div class=\"elementor-widget-wrap elementor-element-populated\">\n\t\t\t\t\t\t<div class=\"elementor-element elementor-element-4d5d0ee elementor-widget elementor-widget-heading\" data-id=\"4d5d0ee\" data-element_type=\"widget\" data-e-type=\"widget\" data-widget_type=\"heading.default\">\n\t\t\t\t<div class=\"elementor-widget-container\">\n\t\t\t\t\t<h1 class=\"elementor-heading-title elementor-size-default\">Unterst\u00fctze uns<\/h1>\t\t\t\t<\/div>\n\t\t\t\t<\/div>\n\t\t\t\t<section class=\"elementor-section elementor-inner-section elementor-element elementor-element-0bf0163 elementor-section-boxed elementor-section-height-default elementor-section-height-default\" data-id=\"0bf0163\" data-element_type=\"section\" data-e-type=\"section\">\n\t\t\t\t\t\t<div class=\"elementor-container elementor-column-gap-default\">\n\t\t\t\t\t<div class=\"elementor-column elementor-col-33 elementor-inner-column elementor-element elementor-element-3dc6da9\" data-id=\"3dc6da9\" data-element_type=\"column\" data-e-type=\"column\">\n\t\t\t<div class=\"elementor-widget-wrap elementor-element-populated\">\n\t\t\t\t\t\t<div class=\"elementor-element elementor-element-12a7a44 elementor-position-top elementor-widget elementor-widget-image-box\" data-id=\"12a7a44\" data-element_type=\"widget\" data-e-type=\"widget\" data-widget_type=\"image-box.default\">\n\t\t\t\t<div class=\"elementor-widget-container\">\n\t\t\t\t\t<div class=\"elementor-image-box-wrapper\"><figure class=\"elementor-image-box-img\"><a href=\"http:\/\/kuvv.de\/index.php\/spenden\" tabindex=\"-1\"><img fetchpriority=\"high\" decoding=\"async\" width=\"300\" height=\"281\" src=\"https:\/\/kuvv.de\/wp-content\/uploads\/2022\/07\/Screenshot-2022-07-11-113706-300x281.png\" class=\"elementor-animation-shrink attachment-medium size-medium wp-image-1931\" alt=\"\" srcset=\"https:\/\/kuvv.de\/wp-content\/uploads\/2022\/07\/Screenshot-2022-07-11-113706-300x281.png 300w, https:\/\/kuvv.de\/wp-content\/uploads\/2022\/07\/Screenshot-2022-07-11-113706.png 583w\" sizes=\"(max-width: 300px) 100vw, 300px\" \/><\/a><\/figure><div class=\"elementor-image-box-content\"><p class=\"elementor-image-box-description\">Spenden<\/p><\/div><\/div>\t\t\t\t<\/div>\n\t\t\t\t<\/div>\n\t\t\t\t\t<\/div>\n\t\t<\/div>\n\t\t\t\t<div class=\"elementor-column elementor-col-33 elementor-inner-column elementor-element elementor-element-afe1910\" data-id=\"afe1910\" data-element_type=\"column\" data-e-type=\"column\">\n\t\t\t<div class=\"elementor-widget-wrap elementor-element-populated\">\n\t\t\t\t\t\t<div class=\"elementor-element elementor-element-9d0da24 elementor-position-top elementor-widget elementor-widget-image-box\" data-id=\"9d0da24\" data-element_type=\"widget\" data-e-type=\"widget\" data-widget_type=\"image-box.default\">\n\t\t\t\t<div class=\"elementor-widget-container\">\n\t\t\t\t\t<div class=\"elementor-image-box-wrapper\"><figure class=\"elementor-image-box-img\"><a href=\"http:\/\/kuvv.de\/index.php\/mitglied-werden\" tabindex=\"-1\"><img decoding=\"async\" width=\"300\" height=\"277\" src=\"https:\/\/kuvv.de\/wp-content\/uploads\/2022\/07\/Screenshot-2022-07-11-113733-300x277.png\" class=\"elementor-animation-shrink attachment-medium size-medium wp-image-1932\" alt=\"\" srcset=\"https:\/\/kuvv.de\/wp-content\/uploads\/2022\/07\/Screenshot-2022-07-11-113733-300x277.png 300w, https:\/\/kuvv.de\/wp-content\/uploads\/2022\/07\/Screenshot-2022-07-11-113733.png 336w\" sizes=\"(max-width: 300px) 100vw, 300px\" \/><\/a><\/figure><div class=\"elementor-image-box-content\"><p class=\"elementor-image-box-description\">Mitglied werden<\/p><\/div><\/div>\t\t\t\t<\/div>\n\t\t\t\t<\/div>\n\t\t\t\t\t<\/div>\n\t\t<\/div>\n\t\t\t\t<div class=\"elementor-column elementor-col-33 elementor-inner-column elementor-element elementor-element-f14aeb8\" data-id=\"f14aeb8\" data-element_type=\"column\" data-e-type=\"column\">\n\t\t\t<div class=\"elementor-widget-wrap elementor-element-populated\">\n\t\t\t\t\t\t<div class=\"elementor-element elementor-element-353a9cb elementor-position-top elementor-widget elementor-widget-image-box\" data-id=\"353a9cb\" data-element_type=\"widget\" data-e-type=\"widget\" data-widget_type=\"image-box.default\">\n\t\t\t\t<div class=\"elementor-widget-container\">\n\t\t\t\t\t<div class=\"elementor-image-box-wrapper\"><figure class=\"elementor-image-box-img\"><a href=\"http:\/\/kuvv.de\/index.php\/netzwerkpartnerschaften\" tabindex=\"-1\"><img decoding=\"async\" width=\"295\" height=\"283\" src=\"https:\/\/kuvv.de\/wp-content\/uploads\/2022\/07\/Screenshot-2022-07-11-113745.png\" class=\"elementor-animation-shrink attachment-medium size-medium wp-image-1936\" alt=\"\" \/><\/a><\/figure><div class=\"elementor-image-box-content\"><p class=\"elementor-image-box-description\">Partnerschaften<\/p><\/div><\/div>\t\t\t\t<\/div>\n\t\t\t\t<\/div>\n\t\t\t\t\t<\/div>\n\t\t<\/div>\n\t\t\t\t\t<\/div>\n\t\t<\/section>\n\t\t\t\t\t<\/div>\n\t\t<\/div>\n\t\t\t\t\t<\/div>\n\t\t<\/section>\n\t\t\t\t<section class=\"elementor-section elementor-top-section elementor-element elementor-element-7a76549 elementor-section-boxed elementor-section-height-default elementor-section-height-default\" data-id=\"7a76549\" data-element_type=\"section\" data-e-type=\"section\">\n\t\t\t\t\t\t<div class=\"elementor-container elementor-column-gap-default\">\n\t\t\t\t\t<div class=\"elementor-column elementor-col-100 elementor-top-column elementor-element elementor-element-a8893f7\" data-id=\"a8893f7\" data-element_type=\"column\" data-e-type=\"column\">\n\t\t\t<div class=\"elementor-widget-wrap elementor-element-populated\">\n\t\t\t\t\t\t<div class=\"elementor-element elementor-element-23ce0a2 elementor-widget elementor-widget-heading\" data-id=\"23ce0a2\" data-element_type=\"widget\" data-e-type=\"widget\" data-widget_type=\"heading.default\">\n\t\t\t\t<div class=\"elementor-widget-container\">\n\t\t\t\t\t<h2 class=\"elementor-heading-title elementor-size-default\">Warum ich den Verein unterst\u00fczen sollte<\/h2>\t\t\t\t<\/div>\n\t\t\t\t<\/div>\n\t\t\t\t<div class=\"elementor-element elementor-element-868e8aa elementor-widget elementor-widget-text-editor\" data-id=\"868e8aa\" data-element_type=\"widget\" data-e-type=\"widget\" data-widget_type=\"text-editor.default\">\n\t\t\t\t<div class=\"elementor-widget-container\">\n\t\t\t\t\t\t\t\t\t<p>Daf\u00fcr haben Sie verschiedene M\u00f6glichkeiten uns zu unterst\u00fctzen und mitzumachen.<\/p><p><span style=\"text-decoration: underline;\">Firmen<\/span> k\u00f6nnen sich mit einem geringen Jahresbeitrag z.B. an Projekten und anderen Aktivit\u00e4ten beteiligen. Alle unterst\u00fctzenden Firmen werden bei uns mit ihrem Logo und ihrer Internetadresse ver\u00f6ffentlicht.<\/p><p><span style=\"text-decoration: underline;\">Vereinen<\/span> bieten wir die Mitgliedschaft kostenlos an. Wichtig ist f\u00fcr uns der Aufbau, die Vernetzung und Kooperation mit anderen Heimatvereinen innerhalb und auch au\u00dferhalb der Region Kraichgau. Ein gemeinsamer Austausch, gemeinsame Veranstaltungen und gemeinsame Projekte, u.v.m. w\u00e4ren m\u00f6glich.<\/p><p><span style=\"text-decoration: underline;\">Landkreise, St\u00e4dte und Gemeinden<\/span> bieten wir eine Partnerschaft an. Werden Sie Partner und F\u00f6rderer unseres Vereins. Dadurch unterst\u00fctzen Sie unsere Arbeit und genie\u00dfen den Vorteil, sich auf unserer Vereinswebsite zu pr\u00e4sentieren.<\/p><p><a href=\"http:\/\/kuvv.de\/wp-content\/uploads\/2022\/07\/Partnerschaftserklaerung_neueVersion.pdf\"><span style=\"text-decoration: underline;\">Hier:<\/span><\/a> das Partnerschaftsformular zum Herunterladen.<\/p>\t\t\t\t\t\t\t\t<\/div>\n\t\t\t\t<\/div>\n\t\t\t\t\t<\/div>\n\t\t<\/div>\n\t\t\t\t\t<\/div>\n\t\t<\/section>\n\t\t\t\t<\/div>\n\t\t","protected":false},"excerpt":{"rendered":"<p>Unterst\u00fctze uns Spenden Mitglied werden Partnerschaften Warum ich den Verein unterst\u00fczen sollte Daf\u00fcr haben Sie verschiedene M\u00f6glichkeiten uns zu unterst\u00fctzen und mitzumachen. Firmen k\u00f6nnen sich mit einem geringen Jahresbeitrag z.B. an Projekten und anderen Aktivit\u00e4ten beteiligen. Alle unterst\u00fctzenden Firmen werden bei uns mit ihrem Logo und ihrer Internetadresse ver\u00f6ffentlicht. Vereinen bieten wir die Mitgliedschaft kostenlos &hellip; <\/p>\n<p class=\"link-more\"><a href=\"https:\/\/kuvv.de\/index.php\/unterstuetzen\/\" class=\"more-link\">Mehr <span class=\"screen-reader-text\">\u00fcber &#8222;Unterst\u00fctzen&#8220; <\/span>Lesen<\/a><\/p>\n","protected":false},"author":8,"featured_media":0,"parent":0,"menu_order":0,"comment_status":"closed","ping_status":"closed","template":"","meta":{"footnotes":""},"class_list":["post-634","page","type-page","status-publish","hentry"],"_links":{"self":[{"href":"https:\/\/kuvv.de\/index.php\/wp-json\/wp\/v2\/pages\/634","targetHints":{"allow":["GET"]}}],"collection":[{"href":"https:\/\/kuvv.de\/index.php\/wp-json\/wp\/v2\/pages"}],"about":[{"href":"https:\/\/kuvv.de\/index.php\/wp-json\/wp\/v2\/types\/page"}],"author":[{"embeddable":true,"href":"https:\/\/kuvv.de\/index.php\/wp-json\/wp\/v2\/users\/8"}],"replies":[{"embeddable":true,"href":"https:\/\/kuvv.de\/index.php\/wp-json\/wp\/v2\/comments?post=634"}],"version-history":[{"count":37,"href":"https:\/\/kuvv.de\/index.php\/wp-json\/wp\/v2\/pages\/634\/revisions"}],"predecessor-version":[{"id":2024,"href":"https:\/\/kuvv.de\/index.php\/wp-json\/wp\/v2\/pages\/634\/revisions\/2024"}],"wp:attachment":[{"href":"https:\/\/kuvv.de\/index.php\/wp-json\/wp\/v2\/media?parent=634"}],"curies":[{"name":"wp","href":"https:\/\/api.w.org\/{rel}","templated":true}]}}