{"id":48,"date":"2022-05-20T08:29:47","date_gmt":"2022-05-20T08:29:47","guid":{"rendered":"http:\/\/10.3.43.9\/?page_id=48"},"modified":"2022-07-11T13:49:50","modified_gmt":"2022-07-11T11:49:50","slug":"spenden","status":"publish","type":"page","link":"https:\/\/kuvv.de\/index.php\/spenden\/","title":{"rendered":"Spenden"},"content":{"rendered":"\t\t<div data-elementor-type=\"wp-page\" data-elementor-id=\"48\" class=\"elementor elementor-48\">\n\t\t\t\t\t\t<section class=\"elementor-section elementor-top-section elementor-element elementor-element-9e5e24a elementor-section-boxed elementor-section-height-default elementor-section-height-default\" data-id=\"9e5e24a\" data-element_type=\"section\" data-e-type=\"section\">\n\t\t\t\t\t\t<div class=\"elementor-container elementor-column-gap-default\">\n\t\t\t\t\t<div class=\"elementor-column elementor-col-100 elementor-top-column elementor-element elementor-element-10512a5\" data-id=\"10512a5\" data-element_type=\"column\" data-e-type=\"column\">\n\t\t\t<div class=\"elementor-widget-wrap elementor-element-populated\">\n\t\t\t\t\t\t<div class=\"elementor-element elementor-element-f969801 heading-block elementor-widget elementor-widget-heading\" data-id=\"f969801\" data-element_type=\"widget\" data-e-type=\"widget\" data-widget_type=\"heading.default\">\n\t\t\t\t<div class=\"elementor-widget-container\">\n\t\t\t\t\t<h1 class=\"elementor-heading-title elementor-size-default\">Spendenm\u00f6glichkeiten<\/h1>\t\t\t\t<\/div>\n\t\t\t\t<\/div>\n\t\t\t\t\t<\/div>\n\t\t<\/div>\n\t\t\t\t\t<\/div>\n\t\t<\/section>\n\t\t\t\t<section class=\"elementor-section elementor-top-section elementor-element elementor-element-60836fd elementor-section-boxed elementor-section-height-default elementor-section-height-default\" data-id=\"60836fd\" data-element_type=\"section\" data-e-type=\"section\">\n\t\t\t\t\t\t<div class=\"elementor-container elementor-column-gap-default\">\n\t\t\t\t\t<div class=\"elementor-column elementor-col-100 elementor-top-column elementor-element elementor-element-575a29e\" data-id=\"575a29e\" data-element_type=\"column\" data-e-type=\"column\">\n\t\t\t<div class=\"elementor-widget-wrap elementor-element-populated\">\n\t\t\t\t\t\t<div class=\"elementor-element elementor-element-4b38df2 elementor-widget elementor-widget-text-editor\" data-id=\"4b38df2\" data-element_type=\"widget\" data-e-type=\"widget\" data-widget_type=\"text-editor.default\">\n\t\t\t\t<div class=\"elementor-widget-container\">\n\t\t\t\t\t\t\t\t\t<p>Sie haben verschiedene M\u00f6glichkeiten den Kur- und Verkehrsverein zu unterst\u00fctzen. Zum Beispiel k\u00f6nnen Sie sich \u00fcber unser Formular an aktuellen Projekte zweckgebunden finanziell engagieren <b>(Aktuell in Bearbeitung)<\/b>.&nbsp;<\/p>\n<p>Bitte wenden Sie sich bei Ihrem Spendenwunsch an unser Kontaktformular oder spenden Sie direkt per \u00dcberweisung auf folgendes Konto:<br><\/p>\n<p>Sparkasse Kraichgau:<br><span style=\"color: var( --e-global-color-text ); font-family: var( --e-global-typography-text-font-family ), Sans-serif; font-weight: var( --e-global-typography-text-font-weight );\">BLZ:&nbsp; &nbsp; &nbsp;663 500 36<br><\/span><span style=\"color: var( --e-global-color-text ); font-family: var( --e-global-typography-text-font-family ), Sans-serif; font-weight: var( --e-global-typography-text-font-weight );\">IBAN:&nbsp; &nbsp;DE45 6635 0036 0006 0199 98<br><\/span><span style=\"color: var( --e-global-color-text ); font-family: var( --e-global-typography-text-font-family ), Sans-serif; font-weight: var( --e-global-typography-text-font-weight );\">Konto-Inhaber:&nbsp;<\/span><span style=\"color: var( --e-global-color-text ); font-family: var( --e-global-typography-text-font-family ), Sans-serif; font-weight: var( --e-global-typography-text-font-weight );\">Kur-und Verkehrsverein Bad Sch\u00f6nborn vertreten durch Klaus Heinzmann, Norbert Dirolf und Angelika Messmer.<\/span><\/p>\n<p><a href=\"http:\/\/kuvv.de\/index.php\/sample-page\/\">Hier geht es zu den Projekten.<\/a><\/p>\n<p>Eine andere M\u00f6glichkeit besteht darin, dass Sie sich f\u00fcr eine zweckungebundene Spende entscheiden. Diese wird vom Kur- und Verkehrsverein flexibel nach Bedarf f\u00fcr bestimmte Projekte eingesetzt. Doch ganz gleich wozu Sie sich entscheiden: Sie k\u00f6nnen sich sicher sein, dass ihre Unterst\u00fctzung f\u00fcr unseren Heimatort Bad Sch\u00f6nborn verwendet wird.<\/p>\n<h3><i>Wir freuen uns, wenn wir Sie daf\u00fcr an unserer Seite wissen! Vielen Dank<\/i><\/h3>\t\t\t\t\t\t\t\t<\/div>\n\t\t\t\t<\/div>\n\t\t\t\t\t<\/div>\n\t\t<\/div>\n\t\t\t\t\t<\/div>\n\t\t<\/section>\n\t\t\t\t<\/div>\n\t\t","protected":false},"excerpt":{"rendered":"<p>Spendenm\u00f6glichkeiten Sie haben verschiedene M\u00f6glichkeiten den Kur- und Verkehrsverein zu unterst\u00fctzen. Zum Beispiel k\u00f6nnen Sie sich \u00fcber unser Formular an aktuellen Projekte zweckgebunden finanziell engagieren (Aktuell in Bearbeitung).&nbsp; Bitte wenden Sie sich bei Ihrem Spendenwunsch an unser Kontaktformular oder spenden Sie direkt per \u00dcberweisung auf folgendes Konto: Sparkasse Kraichgau:BLZ:&nbsp; &nbsp; &nbsp;663 500 36IBAN:&nbsp; &nbsp;DE45 6635 &hellip; <\/p>\n<p class=\"link-more\"><a href=\"https:\/\/kuvv.de\/index.php\/spenden\/\" class=\"more-link\">Mehr <span class=\"screen-reader-text\">\u00fcber &#8222;Spenden&#8220; <\/span>Lesen<\/a><\/p>\n","protected":false},"author":8,"featured_media":0,"parent":0,"menu_order":0,"comment_status":"closed","ping_status":"closed","template":"","meta":{"footnotes":""},"class_list":["post-48","page","type-page","status-publish","hentry"],"_links":{"self":[{"href":"https:\/\/kuvv.de\/index.php\/wp-json\/wp\/v2\/pages\/48","targetHints":{"allow":["GET"]}}],"collection":[{"href":"https:\/\/kuvv.de\/index.php\/wp-json\/wp\/v2\/pages"}],"about":[{"href":"https:\/\/kuvv.de\/index.php\/wp-json\/wp\/v2\/types\/page"}],"author":[{"embeddable":true,"href":"https:\/\/kuvv.de\/index.php\/wp-json\/wp\/v2\/users\/8"}],"replies":[{"embeddable":true,"href":"https:\/\/kuvv.de\/index.php\/wp-json\/wp\/v2\/comments?post=48"}],"version-history":[{"count":40,"href":"https:\/\/kuvv.de\/index.php\/wp-json\/wp\/v2\/pages\/48\/revisions"}],"predecessor-version":[{"id":1998,"href":"https:\/\/kuvv.de\/index.php\/wp-json\/wp\/v2\/pages\/48\/revisions\/1998"}],"wp:attachment":[{"href":"https:\/\/kuvv.de\/index.php\/wp-json\/wp\/v2\/media?parent=48"}],"curies":[{"name":"wp","href":"https:\/\/api.w.org\/{rel}","templated":true}]}}