{"id":928,"date":"2022-06-10T13:37:58","date_gmt":"2022-06-10T13:37:58","guid":{"rendered":"http:\/\/10.3.43.9\/?page_id=928"},"modified":"2022-10-21T18:07:28","modified_gmt":"2022-10-21T16:07:28","slug":"zukuenftige-projekte","status":"publish","type":"page","link":"http:\/\/kuvv.de\/index.php\/zukuenftige-projekte\/","title":{"rendered":"Zuk\u00fcnftige Projekte"},"content":{"rendered":"\t\t<div data-elementor-type=\"wp-page\" data-elementor-id=\"928\" class=\"elementor elementor-928\">\n\t\t\t\t\t\t<section class=\"elementor-section elementor-top-section elementor-element elementor-element-42eca707 elementor-section-boxed elementor-section-height-default elementor-section-height-default\" data-id=\"42eca707\" data-element_type=\"section\" data-e-type=\"section\">\n\t\t\t\t\t\t<div class=\"elementor-container elementor-column-gap-default\">\n\t\t\t\t\t<div class=\"elementor-column elementor-col-100 elementor-top-column elementor-element elementor-element-19375f85\" data-id=\"19375f85\" data-element_type=\"column\" data-e-type=\"column\">\n\t\t\t<div class=\"elementor-widget-wrap elementor-element-populated\">\n\t\t\t\t\t\t<div class=\"elementor-element elementor-element-3a25d99 elementor-widget elementor-widget-heading\" data-id=\"3a25d99\" data-element_type=\"widget\" data-e-type=\"widget\" data-widget_type=\"heading.default\">\n\t\t\t\t<div class=\"elementor-widget-container\">\n\t\t\t\t\t<h2 class=\"elementor-heading-title elementor-size-default\">Kunst im Dorf<\/h2>\t\t\t\t<\/div>\n\t\t\t\t<\/div>\n\t\t\t\t\t<\/div>\n\t\t<\/div>\n\t\t\t\t\t<\/div>\n\t\t<\/section>\n\t\t\t\t<section class=\"elementor-section elementor-top-section elementor-element elementor-element-cbc94fe elementor-section-boxed elementor-section-height-default elementor-section-height-default\" data-id=\"cbc94fe\" data-element_type=\"section\" data-e-type=\"section\">\n\t\t\t\t\t\t<div class=\"elementor-container elementor-column-gap-default\">\n\t\t\t\t\t<div class=\"elementor-column elementor-col-100 elementor-top-column elementor-element elementor-element-7c7f53c\" data-id=\"7c7f53c\" data-element_type=\"column\" data-e-type=\"column\">\n\t\t\t<div class=\"elementor-widget-wrap elementor-element-populated\">\n\t\t\t\t\t\t<section class=\"elementor-section elementor-inner-section elementor-element elementor-element-9bdf901 elementor-section-boxed elementor-section-height-default elementor-section-height-default\" data-id=\"9bdf901\" data-element_type=\"section\" data-e-type=\"section\">\n\t\t\t\t\t\t<div class=\"elementor-container elementor-column-gap-default\">\n\t\t\t\t\t<div class=\"elementor-column elementor-col-50 elementor-inner-column elementor-element elementor-element-4ce6d67\" data-id=\"4ce6d67\" data-element_type=\"column\" data-e-type=\"column\">\n\t\t\t<div class=\"elementor-widget-wrap elementor-element-populated\">\n\t\t\t\t\t\t<div class=\"elementor-element elementor-element-572b875 elementor-position-top elementor-widget elementor-widget-image-box\" data-id=\"572b875\" data-element_type=\"widget\" data-e-type=\"widget\" data-widget_type=\"image-box.default\">\n\t\t\t\t<div class=\"elementor-widget-container\">\n\t\t\t\t\t<div class=\"elementor-image-box-wrapper\"><figure class=\"elementor-image-box-img\"><a href=\"https:\/\/kuvv.de\/index.php\/gestaltung-und-verschoenerung-von-verweilplaetzen\/\" tabindex=\"-1\"><img fetchpriority=\"high\" decoding=\"async\" width=\"287\" height=\"300\" src=\"http:\/\/kuvv.de\/wp-content\/uploads\/2022\/10\/Stromkaesten_Kirche-287x300.jpg\" class=\"elementor-animation-shrink attachment-medium size-medium wp-image-2150\" alt=\"\" srcset=\"http:\/\/kuvv.de\/wp-content\/uploads\/2022\/10\/Stromkaesten_Kirche-287x300.jpg 287w, http:\/\/kuvv.de\/wp-content\/uploads\/2022\/10\/Stromkaesten_Kirche-979x1024.jpg 979w, http:\/\/kuvv.de\/wp-content\/uploads\/2022\/10\/Stromkaesten_Kirche-768x804.jpg 768w, http:\/\/kuvv.de\/wp-content\/uploads\/2022\/10\/Stromkaesten_Kirche-1468x1536.jpg 1468w, http:\/\/kuvv.de\/wp-content\/uploads\/2022\/10\/Stromkaesten_Kirche.jpg 1920w\" sizes=\"(max-width: 287px) 100vw, 287px\" \/><\/a><\/figure><div class=\"elementor-image-box-content\"><p class=\"elementor-image-box-description\">Gestaltung und Versch\u00f6nerung von Verweilpl\u00e4tzen<\/p><\/div><\/div>\t\t\t\t<\/div>\n\t\t\t\t<\/div>\n\t\t\t\t\t<\/div>\n\t\t<\/div>\n\t\t\t\t<div class=\"elementor-column elementor-col-50 elementor-inner-column elementor-element elementor-element-817720c\" data-id=\"817720c\" data-element_type=\"column\" data-e-type=\"column\">\n\t\t\t<div class=\"elementor-widget-wrap elementor-element-populated\">\n\t\t\t\t\t\t<div class=\"elementor-element elementor-element-8bf32b4 elementor-position-top elementor-widget elementor-widget-image-box\" data-id=\"8bf32b4\" data-element_type=\"widget\" data-e-type=\"widget\" data-widget_type=\"image-box.default\">\n\t\t\t\t<div class=\"elementor-widget-container\">\n\t\t\t\t\t<div class=\"elementor-image-box-wrapper\"><figure class=\"elementor-image-box-img\"><a href=\"http:\/\/kuvv.de\/index.php\/brauchtumspflege-projekt\/\" tabindex=\"-1\"><img decoding=\"async\" width=\"300\" height=\"200\" src=\"http:\/\/kuvv.de\/wp-content\/uploads\/2022\/06\/kursee2-300x200.png\" class=\"elementor-animation-shrink attachment-medium size-medium wp-image-1165\" alt=\"\" srcset=\"http:\/\/kuvv.de\/wp-content\/uploads\/2022\/06\/kursee2-300x200.png 300w, http:\/\/kuvv.de\/wp-content\/uploads\/2022\/06\/kursee2-768x512.png 768w, http:\/\/kuvv.de\/wp-content\/uploads\/2022\/06\/kursee2.png 1000w\" sizes=\"(max-width: 300px) 100vw, 300px\" \/><\/a><\/figure><div class=\"elementor-image-box-content\"><p class=\"elementor-image-box-description\">Brauchtumspflege<\/p><\/div><\/div>\t\t\t\t<\/div>\n\t\t\t\t<\/div>\n\t\t\t\t\t<\/div>\n\t\t<\/div>\n\t\t\t\t\t<\/div>\n\t\t<\/section>\n\t\t\t\t\t<\/div>\n\t\t<\/div>\n\t\t\t\t\t<\/div>\n\t\t<\/section>\n\t\t\t\t<section class=\"elementor-section elementor-top-section elementor-element elementor-element-bab326b elementor-section-boxed elementor-section-height-default elementor-section-height-default\" data-id=\"bab326b\" data-element_type=\"section\" data-e-type=\"section\">\n\t\t\t\t\t\t<div class=\"elementor-container elementor-column-gap-default\">\n\t\t\t\t\t<div class=\"elementor-column elementor-col-100 elementor-top-column elementor-element elementor-element-86f00ba\" data-id=\"86f00ba\" data-element_type=\"column\" data-e-type=\"column\">\n\t\t\t<div class=\"elementor-widget-wrap\">\n\t\t\t\t\t\t\t<\/div>\n\t\t<\/div>\n\t\t\t\t\t<\/div>\n\t\t<\/section>\n\t\t\t\t<section class=\"elementor-section elementor-top-section elementor-element elementor-element-0671ea0 elementor-section-boxed elementor-section-height-default elementor-section-height-default\" data-id=\"0671ea0\" data-element_type=\"section\" data-e-type=\"section\">\n\t\t\t\t\t\t<div class=\"elementor-container elementor-column-gap-default\">\n\t\t\t\t\t<div class=\"elementor-column elementor-col-100 elementor-top-column elementor-element elementor-element-b79f986\" data-id=\"b79f986\" data-element_type=\"column\" data-e-type=\"column\">\n\t\t\t<div class=\"elementor-widget-wrap elementor-element-populated\">\n\t\t\t\t\t\t<div class=\"elementor-element elementor-element-beef241 elementor-widget-divider--view-line elementor-widget elementor-widget-divider\" data-id=\"beef241\" data-element_type=\"widget\" data-e-type=\"widget\" data-widget_type=\"divider.default\">\n\t\t\t\t<div class=\"elementor-widget-container\">\n\t\t\t\t\t\t\t<div class=\"elementor-divider\">\n\t\t\t<span class=\"elementor-divider-separator\">\n\t\t\t\t\t\t<\/span>\n\t\t<\/div>\n\t\t\t\t\t\t<\/div>\n\t\t\t\t<\/div>\n\t\t\t\t<section class=\"elementor-section elementor-inner-section elementor-element elementor-element-382b226 elementor-section-boxed elementor-section-height-default elementor-section-height-default\" data-id=\"382b226\" data-element_type=\"section\" data-e-type=\"section\">\n\t\t\t\t\t\t<div class=\"elementor-container elementor-column-gap-default\">\n\t\t\t\t\t<div class=\"elementor-column elementor-col-33 elementor-inner-column elementor-element elementor-element-2de9f15\" data-id=\"2de9f15\" data-element_type=\"column\" data-e-type=\"column\">\n\t\t\t<div class=\"elementor-widget-wrap elementor-element-populated\">\n\t\t\t\t\t\t<div class=\"elementor-element elementor-element-56123e8 elementor-position-top elementor-widget elementor-widget-image-box\" data-id=\"56123e8\" data-element_type=\"widget\" data-e-type=\"widget\" data-widget_type=\"image-box.default\">\n\t\t\t\t<div class=\"elementor-widget-container\">\n\t\t\t\t\t<div class=\"elementor-image-box-wrapper\"><figure class=\"elementor-image-box-img\"><a href=\"http:\/\/kuvv.de\/index.php\/traditionsinsel\/#\" tabindex=\"-1\"><img decoding=\"async\" width=\"200\" height=\"300\" src=\"http:\/\/kuvv.de\/wp-content\/uploads\/2022\/06\/Aktiv_Sole_Park_Verein2-200x300.jpg\" class=\"elementor-animation-shrink attachment-medium size-medium wp-image-883\" alt=\"\" srcset=\"http:\/\/kuvv.de\/wp-content\/uploads\/2022\/06\/Aktiv_Sole_Park_Verein2-200x300.jpg 200w, http:\/\/kuvv.de\/wp-content\/uploads\/2022\/06\/Aktiv_Sole_Park_Verein2.jpg 512w\" sizes=\"(max-width: 200px) 100vw, 200px\" \/><\/a><\/figure><div class=\"elementor-image-box-content\"><p class=\"elementor-image-box-description\">Aktuelle Projekte<\/p><\/div><\/div>\t\t\t\t<\/div>\n\t\t\t\t<\/div>\n\t\t\t\t\t<\/div>\n\t\t<\/div>\n\t\t\t\t<div class=\"elementor-column elementor-col-33 elementor-inner-column elementor-element elementor-element-306a689\" data-id=\"306a689\" data-element_type=\"column\" data-e-type=\"column\">\n\t\t\t<div class=\"elementor-widget-wrap elementor-element-populated\">\n\t\t\t\t\t\t<div class=\"elementor-element elementor-element-91fe9de elementor-position-top elementor-widget elementor-widget-image-box\" data-id=\"91fe9de\" data-element_type=\"widget\" data-e-type=\"widget\" data-widget_type=\"image-box.default\">\n\t\t\t\t<div class=\"elementor-widget-container\">\n\t\t\t\t\t<div class=\"elementor-image-box-wrapper\"><figure class=\"elementor-image-box-img\"><a href=\"http:\/\/kuvv.de\/index.php\/zukuenftige-projekte\/\" tabindex=\"-1\"><img loading=\"lazy\" decoding=\"async\" width=\"225\" height=\"300\" src=\"http:\/\/kuvv.de\/wp-content\/uploads\/2022\/05\/Rathaus_Wengler2-225x300.jpg\" class=\"elementor-animation-shrink attachment-medium size-medium wp-image-480\" alt=\"\" srcset=\"http:\/\/kuvv.de\/wp-content\/uploads\/2022\/05\/Rathaus_Wengler2-225x300.jpg 225w, http:\/\/kuvv.de\/wp-content\/uploads\/2022\/05\/Rathaus_Wengler2.jpg 576w\" sizes=\"(max-width: 225px) 100vw, 225px\" \/><\/a><\/figure><div class=\"elementor-image-box-content\"><p class=\"elementor-image-box-description\">Zuk\u00fcnftige Projekte<\/p><\/div><\/div>\t\t\t\t<\/div>\n\t\t\t\t<\/div>\n\t\t\t\t\t<\/div>\n\t\t<\/div>\n\t\t\t\t<div class=\"elementor-column elementor-col-33 elementor-inner-column elementor-element elementor-element-449131c\" data-id=\"449131c\" data-element_type=\"column\" data-e-type=\"column\">\n\t\t\t<div class=\"elementor-widget-wrap elementor-element-populated\">\n\t\t\t\t\t\t<div class=\"elementor-element elementor-element-b9c2ecd elementor-position-top elementor-widget elementor-widget-image-box\" data-id=\"b9c2ecd\" data-element_type=\"widget\" data-e-type=\"widget\" data-widget_type=\"image-box.default\">\n\t\t\t\t<div class=\"elementor-widget-container\">\n\t\t\t\t\t<div class=\"elementor-image-box-wrapper\"><figure class=\"elementor-image-box-img\"><a href=\"http:\/\/kuvv.de\/index.php\/vergangene-projekte\/\" tabindex=\"-1\"><img loading=\"lazy\" decoding=\"async\" width=\"217\" height=\"300\" src=\"http:\/\/kuvv.de\/wp-content\/uploads\/2022\/06\/kurpark_wengler-2-217x300.jpg\" class=\"elementor-animation-shrink attachment-medium size-medium wp-image-954\" alt=\"\" srcset=\"http:\/\/kuvv.de\/wp-content\/uploads\/2022\/06\/kurpark_wengler-2-217x300.jpg 217w, http:\/\/kuvv.de\/wp-content\/uploads\/2022\/06\/kurpark_wengler-2.jpg 556w\" sizes=\"(max-width: 217px) 100vw, 217px\" \/><\/a><\/figure><div class=\"elementor-image-box-content\"><p class=\"elementor-image-box-description\">Vergangene Projekte<\/p><\/div><\/div>\t\t\t\t<\/div>\n\t\t\t\t<\/div>\n\t\t\t\t\t<\/div>\n\t\t<\/div>\n\t\t\t\t\t<\/div>\n\t\t<\/section>\n\t\t\t\t\t<\/div>\n\t\t<\/div>\n\t\t\t\t\t<\/div>\n\t\t<\/section>\n\t\t\t\t<\/div>\n\t\t","protected":false},"excerpt":{"rendered":"<p>Kunst im Dorf Gestaltung und Versch\u00f6nerung von Verweilpl\u00e4tzen Brauchtumspflege Aktuelle Projekte Zuk\u00fcnftige Projekte Vergangene Projekte<\/p>\n","protected":false},"author":3,"featured_media":0,"parent":0,"menu_order":0,"comment_status":"closed","ping_status":"closed","template":"","meta":{"footnotes":""},"class_list":["post-928","page","type-page","status-publish","hentry"],"_links":{"self":[{"href":"http:\/\/kuvv.de\/index.php\/wp-json\/wp\/v2\/pages\/928","targetHints":{"allow":["GET"]}}],"collection":[{"href":"http:\/\/kuvv.de\/index.php\/wp-json\/wp\/v2\/pages"}],"about":[{"href":"http:\/\/kuvv.de\/index.php\/wp-json\/wp\/v2\/types\/page"}],"author":[{"embeddable":true,"href":"http:\/\/kuvv.de\/index.php\/wp-json\/wp\/v2\/users\/3"}],"replies":[{"embeddable":true,"href":"http:\/\/kuvv.de\/index.php\/wp-json\/wp\/v2\/comments?post=928"}],"version-history":[{"count":43,"href":"http:\/\/kuvv.de\/index.php\/wp-json\/wp\/v2\/pages\/928\/revisions"}],"predecessor-version":[{"id":2198,"href":"http:\/\/kuvv.de\/index.php\/wp-json\/wp\/v2\/pages\/928\/revisions\/2198"}],"wp:attachment":[{"href":"http:\/\/kuvv.de\/index.php\/wp-json\/wp\/v2\/media?parent=928"}],"curies":[{"name":"wp","href":"https:\/\/api.w.org\/{rel}","templated":true}]}}