{"id":827,"date":"2022-06-10T11:59:48","date_gmt":"2022-06-10T11:59:48","guid":{"rendered":"http:\/\/10.3.43.9\/?page_id=827"},"modified":"2022-09-24T20:59:26","modified_gmt":"2022-09-24T18:59:26","slug":"vergangene-projekte","status":"publish","type":"page","link":"http:\/\/kuvv.de\/index.php\/vergangene-projekte\/","title":{"rendered":"Vergangene Projekte"},"content":{"rendered":"\t\t<div data-elementor-type=\"wp-page\" data-elementor-id=\"827\" class=\"elementor elementor-827\">\n\t\t\t\t\t\t<section class=\"elementor-section elementor-top-section elementor-element elementor-element-61d4fcc elementor-section-boxed elementor-section-height-default elementor-section-height-default\" data-id=\"61d4fcc\" data-element_type=\"section\" data-e-type=\"section\">\n\t\t\t\t\t\t<div class=\"elementor-container elementor-column-gap-default\">\n\t\t\t\t\t<div class=\"elementor-column elementor-col-100 elementor-top-column elementor-element elementor-element-6bc7a41\" data-id=\"6bc7a41\" data-element_type=\"column\" data-e-type=\"column\">\n\t\t\t<div class=\"elementor-widget-wrap elementor-element-populated\">\n\t\t\t\t\t\t<div class=\"elementor-element elementor-element-70a0577 elementor-widget elementor-widget-heading\" data-id=\"70a0577\" data-element_type=\"widget\" data-e-type=\"widget\" data-widget_type=\"heading.default\">\n\t\t\t\t<div class=\"elementor-widget-container\">\n\t\t\t\t\t<h2 class=\"elementor-heading-title elementor-size-default\">Vergangene Projekte<\/h2>\t\t\t\t<\/div>\n\t\t\t\t<\/div>\n\t\t\t\t\t<\/div>\n\t\t<\/div>\n\t\t\t\t\t<\/div>\n\t\t<\/section>\n\t\t\t\t<section class=\"elementor-section elementor-top-section elementor-element elementor-element-590a39f elementor-section-boxed elementor-section-height-default elementor-section-height-default\" data-id=\"590a39f\" data-element_type=\"section\" data-e-type=\"section\">\n\t\t\t\t\t\t<div class=\"elementor-container elementor-column-gap-default\">\n\t\t\t\t\t<div class=\"elementor-column elementor-col-100 elementor-top-column elementor-element elementor-element-1bc5f3e\" data-id=\"1bc5f3e\" data-element_type=\"column\" data-e-type=\"column\">\n\t\t\t<div class=\"elementor-widget-wrap elementor-element-populated\">\n\t\t\t\t\t\t<section class=\"elementor-section elementor-inner-section elementor-element elementor-element-b365609 elementor-section-boxed elementor-section-height-default elementor-section-height-default\" data-id=\"b365609\" data-element_type=\"section\" data-e-type=\"section\">\n\t\t\t\t\t\t<div class=\"elementor-container elementor-column-gap-default\">\n\t\t\t\t\t<div class=\"elementor-column elementor-col-33 elementor-inner-column elementor-element elementor-element-2cb9d6f\" data-id=\"2cb9d6f\" data-element_type=\"column\" data-e-type=\"column\">\n\t\t\t<div class=\"elementor-widget-wrap elementor-element-populated\">\n\t\t\t\t\t\t<div class=\"elementor-element elementor-element-ebb690e elementor-position-top elementor-widget elementor-widget-image-box\" data-id=\"ebb690e\" data-element_type=\"widget\" data-e-type=\"widget\" data-widget_type=\"image-box.default\">\n\t\t\t\t<div class=\"elementor-widget-container\">\n\t\t\t\t\t<div class=\"elementor-image-box-wrapper\"><figure class=\"elementor-image-box-img\"><a href=\"http:\/\/kuvv.de\/index.php\/400-jahre-schlacht-am-ohrenberg\/\" tabindex=\"-1\"><img fetchpriority=\"high\" decoding=\"async\" width=\"300\" height=\"293\" src=\"http:\/\/kuvv.de\/wp-content\/uploads\/2022\/07\/Screenshot-2022-07-11-105649-300x293.png\" class=\"elementor-animation-shrink attachment-medium size-medium wp-image-1897\" alt=\"\" srcset=\"http:\/\/kuvv.de\/wp-content\/uploads\/2022\/07\/Screenshot-2022-07-11-105649-300x293.png 300w, http:\/\/kuvv.de\/wp-content\/uploads\/2022\/07\/Screenshot-2022-07-11-105649.png 409w\" sizes=\"(max-width: 300px) 100vw, 300px\" \/><\/a><\/figure><div class=\"elementor-image-box-content\"><p class=\"elementor-image-box-description\">2022 - 400 Jahre Schlacht am Ohrenberg<\/p><\/div><\/div>\t\t\t\t<\/div>\n\t\t\t\t<\/div>\n\t\t\t\t<div class=\"elementor-element elementor-element-7f622fa elementor-position-top elementor-widget elementor-widget-image-box\" data-id=\"7f622fa\" data-element_type=\"widget\" data-e-type=\"widget\" data-widget_type=\"image-box.default\">\n\t\t\t\t<div class=\"elementor-widget-container\">\n\t\t\t\t\t<div class=\"elementor-image-box-wrapper\"><figure class=\"elementor-image-box-img\"><a href=\"http:\/\/kuvv.de\/index.php\/sole-erlebnis-weg-im-sole-aktiv-park\/\" tabindex=\"-1\"><img decoding=\"async\" width=\"512\" height=\"768\" src=\"http:\/\/kuvv.de\/wp-content\/uploads\/2022\/06\/Aktiv_Sole_Park_Verein-2.jpg\" class=\"elementor-animation-shrink attachment-large size-large wp-image-932\" alt=\"\" srcset=\"http:\/\/kuvv.de\/wp-content\/uploads\/2022\/06\/Aktiv_Sole_Park_Verein-2.jpg 512w, http:\/\/kuvv.de\/wp-content\/uploads\/2022\/06\/Aktiv_Sole_Park_Verein-2-200x300.jpg 200w\" sizes=\"(max-width: 512px) 100vw, 512px\" \/><\/a><\/figure><div class=\"elementor-image-box-content\"><p class=\"elementor-image-box-description\">Sole-Erlebnis-Weg im Sole-Aktiv-Park<\/p><\/div><\/div>\t\t\t\t<\/div>\n\t\t\t\t<\/div>\n\t\t\t\t\t<\/div>\n\t\t<\/div>\n\t\t\t\t<div class=\"elementor-column elementor-col-33 elementor-inner-column elementor-element elementor-element-b5ea2ce\" data-id=\"b5ea2ce\" data-element_type=\"column\" data-e-type=\"column\">\n\t\t\t<div class=\"elementor-widget-wrap elementor-element-populated\">\n\t\t\t\t\t\t<div class=\"elementor-element elementor-element-c1e2b53 elementor-position-top elementor-widget elementor-widget-image-box\" data-id=\"c1e2b53\" data-element_type=\"widget\" data-e-type=\"widget\" data-widget_type=\"image-box.default\">\n\t\t\t\t<div class=\"elementor-widget-container\">\n\t\t\t\t\t<div class=\"elementor-image-box-wrapper\"><figure class=\"elementor-image-box-img\"><a href=\"http:\/\/kuvv.de\/index.php\/panoramakarte-am-kaesberg\/\" tabindex=\"-1\"><img decoding=\"async\" width=\"950\" height=\"713\" src=\"http:\/\/kuvv.de\/wp-content\/uploads\/2022\/06\/Panoramakarte4-3.jpg\" class=\"elementor-animation-shrink attachment-large size-large wp-image-1169\" alt=\"\" srcset=\"http:\/\/kuvv.de\/wp-content\/uploads\/2022\/06\/Panoramakarte4-3.jpg 1024w, http:\/\/kuvv.de\/wp-content\/uploads\/2022\/06\/Panoramakarte4-3-300x225.jpg 300w, http:\/\/kuvv.de\/wp-content\/uploads\/2022\/06\/Panoramakarte4-3-768x576.jpg 768w\" sizes=\"(max-width: 950px) 100vw, 950px\" \/><\/a><\/figure><div class=\"elementor-image-box-content\"><p class=\"elementor-image-box-description\">2021 - Panoramakarte am K\u00e4sberg<\/p><\/div><\/div>\t\t\t\t<\/div>\n\t\t\t\t<\/div>\n\t\t\t\t<div class=\"elementor-element elementor-element-4c4945e elementor-position-top elementor-widget elementor-widget-image-box\" data-id=\"4c4945e\" data-element_type=\"widget\" data-e-type=\"widget\" data-widget_type=\"image-box.default\">\n\t\t\t\t<div class=\"elementor-widget-container\">\n\t\t\t\t\t<div class=\"elementor-image-box-wrapper\"><figure class=\"elementor-image-box-img\"><a href=\"http:\/\/kuvv.de\/index.php\/swr4-sommernaechte\/\" tabindex=\"-1\"><img loading=\"lazy\" decoding=\"async\" width=\"950\" height=\"978\" src=\"http:\/\/kuvv.de\/wp-content\/uploads\/2022\/06\/SWR4-Sommernaecte-1-995x1024.jpg\" class=\"elementor-animation-shrink attachment-large size-large wp-image-938\" alt=\"\" srcset=\"http:\/\/kuvv.de\/wp-content\/uploads\/2022\/06\/SWR4-Sommernaecte-1-995x1024.jpg 995w, http:\/\/kuvv.de\/wp-content\/uploads\/2022\/06\/SWR4-Sommernaecte-1-291x300.jpg 291w, http:\/\/kuvv.de\/wp-content\/uploads\/2022\/06\/SWR4-Sommernaecte-1-768x791.jpg 768w, http:\/\/kuvv.de\/wp-content\/uploads\/2022\/06\/SWR4-Sommernaecte-1-1492x1536.jpg 1492w, http:\/\/kuvv.de\/wp-content\/uploads\/2022\/06\/SWR4-Sommernaecte-1.jpg 1800w\" sizes=\"(max-width: 950px) 100vw, 950px\" \/><\/a><\/figure><div class=\"elementor-image-box-content\"><p class=\"elementor-image-box-description\">2019 - SWR4 Sommern\u00e4chte<\/p><\/div><\/div>\t\t\t\t<\/div>\n\t\t\t\t<\/div>\n\t\t\t\t\t<\/div>\n\t\t<\/div>\n\t\t\t\t<div class=\"elementor-column elementor-col-33 elementor-inner-column elementor-element elementor-element-b90a219\" data-id=\"b90a219\" data-element_type=\"column\" data-e-type=\"column\">\n\t\t\t<div class=\"elementor-widget-wrap elementor-element-populated\">\n\t\t\t\t\t\t<div class=\"elementor-element elementor-element-d1ed375 elementor-position-top elementor-widget elementor-widget-image-box\" data-id=\"d1ed375\" data-element_type=\"widget\" data-e-type=\"widget\" data-widget_type=\"image-box.default\">\n\t\t\t\t<div class=\"elementor-widget-container\">\n\t\t\t\t\t<div class=\"elementor-image-box-wrapper\"><figure class=\"elementor-image-box-img\"><a href=\"http:\/\/kuvv.de\/index.php\/green-fitness-parcours\/\" tabindex=\"-1\"><img loading=\"lazy\" decoding=\"async\" width=\"950\" height=\"633\" src=\"http:\/\/kuvv.de\/wp-content\/uploads\/2022\/06\/Green_Fitness_Parcours_Verein-2.jpg\" class=\"elementor-animation-shrink attachment-large size-large wp-image-933\" alt=\"\" srcset=\"http:\/\/kuvv.de\/wp-content\/uploads\/2022\/06\/Green_Fitness_Parcours_Verein-2.jpg 1024w, http:\/\/kuvv.de\/wp-content\/uploads\/2022\/06\/Green_Fitness_Parcours_Verein-2-300x200.jpg 300w, http:\/\/kuvv.de\/wp-content\/uploads\/2022\/06\/Green_Fitness_Parcours_Verein-2-768x512.jpg 768w\" sizes=\"(max-width: 950px) 100vw, 950px\" \/><\/a><\/figure><div class=\"elementor-image-box-content\"><p class=\"elementor-image-box-description\">2021 - Green Fitness Parcours<\/p><\/div><\/div>\t\t\t\t<\/div>\n\t\t\t\t<\/div>\n\t\t\t\t<div class=\"elementor-element elementor-element-e88f07c elementor-position-top elementor-widget elementor-widget-image-box\" data-id=\"e88f07c\" data-element_type=\"widget\" data-e-type=\"widget\" data-widget_type=\"image-box.default\">\n\t\t\t\t<div class=\"elementor-widget-container\">\n\t\t\t\t\t<div class=\"elementor-image-box-wrapper\"><figure class=\"elementor-image-box-img\"><a href=\"http:\/\/kuvv.de\/index.php\/750-jahre-langenbruecken-fank-ausstellung\/\" tabindex=\"-1\"><img loading=\"lazy\" decoding=\"async\" width=\"270\" height=\"187\" src=\"http:\/\/kuvv.de\/wp-content\/uploads\/2022\/07\/Download.jpg\" class=\"elementor-animation-shrink attachment-medium size-medium wp-image-1901\" alt=\"\" \/><\/a><\/figure><div class=\"elementor-image-box-content\"><p class=\"elementor-image-box-description\">2019 - 750 Jahre Langenbr\u00fccken - Fank Ausstellung<\/p><\/div><\/div>\t\t\t\t<\/div>\n\t\t\t\t<\/div>\n\t\t\t\t<div class=\"elementor-element elementor-element-237fefc elementor-position-top elementor-widget elementor-widget-image-box\" data-id=\"237fefc\" data-element_type=\"widget\" data-e-type=\"widget\" data-widget_type=\"image-box.default\">\n\t\t\t\t<div class=\"elementor-widget-container\">\n\t\t\t\t\t<div class=\"elementor-image-box-wrapper\"><figure class=\"elementor-image-box-img\"><a href=\"http:\/\/kuvv.de\/index.php\/projektuebersicht-1999-2021\/\" tabindex=\"-1\"><img loading=\"lazy\" decoding=\"async\" width=\"300\" height=\"217\" src=\"http:\/\/kuvv.de\/wp-content\/uploads\/2022\/07\/Logo_Vektor_Seite-300x217.png\" class=\"elementor-animation-shrink attachment-medium size-medium wp-image-1760\" alt=\"Logo des Kur- und Verkehrsverein Bad Sch\u00f6nborn\" srcset=\"http:\/\/kuvv.de\/wp-content\/uploads\/2022\/07\/Logo_Vektor_Seite-300x217.png 300w, http:\/\/kuvv.de\/wp-content\/uploads\/2022\/07\/Logo_Vektor_Seite-1024x742.png 1024w, http:\/\/kuvv.de\/wp-content\/uploads\/2022\/07\/Logo_Vektor_Seite-768x557.png 768w, http:\/\/kuvv.de\/wp-content\/uploads\/2022\/07\/Logo_Vektor_Seite-1536x1114.png 1536w\" sizes=\"(max-width: 300px) 100vw, 300px\" \/><\/a><\/figure><div class=\"elementor-image-box-content\"><p class=\"elementor-image-box-description\">Projekt\u00fcbersicht 1999 - 2021<\/p><\/div><\/div>\t\t\t\t<\/div>\n\t\t\t\t<\/div>\n\t\t\t\t\t<\/div>\n\t\t<\/div>\n\t\t\t\t\t<\/div>\n\t\t<\/section>\n\t\t\t\t\t<\/div>\n\t\t<\/div>\n\t\t\t\t\t<\/div>\n\t\t<\/section>\n\t\t\t\t<section class=\"elementor-section elementor-top-section elementor-element elementor-element-04128b3 elementor-section-boxed elementor-section-height-default elementor-section-height-default\" data-id=\"04128b3\" data-element_type=\"section\" data-e-type=\"section\">\n\t\t\t\t\t\t<div class=\"elementor-container elementor-column-gap-default\">\n\t\t\t\t\t<div class=\"elementor-column elementor-col-100 elementor-top-column elementor-element elementor-element-13f70c3\" data-id=\"13f70c3\" data-element_type=\"column\" data-e-type=\"column\">\n\t\t\t<div class=\"elementor-widget-wrap elementor-element-populated\">\n\t\t\t\t\t\t<div class=\"elementor-element elementor-element-71e620c elementor-widget-divider--view-line elementor-widget elementor-widget-divider\" data-id=\"71e620c\" data-element_type=\"widget\" data-e-type=\"widget\" data-widget_type=\"divider.default\">\n\t\t\t\t<div class=\"elementor-widget-container\">\n\t\t\t\t\t\t\t<div class=\"elementor-divider\">\n\t\t\t<span class=\"elementor-divider-separator\">\n\t\t\t\t\t\t<\/span>\n\t\t<\/div>\n\t\t\t\t\t\t<\/div>\n\t\t\t\t<\/div>\n\t\t\t\t<section class=\"elementor-section elementor-inner-section elementor-element elementor-element-4653604 elementor-section-boxed elementor-section-height-default elementor-section-height-default\" data-id=\"4653604\" data-element_type=\"section\" data-e-type=\"section\">\n\t\t\t\t\t\t<div class=\"elementor-container elementor-column-gap-default\">\n\t\t\t\t\t<div class=\"elementor-column elementor-col-33 elementor-inner-column elementor-element elementor-element-a9c4f53\" data-id=\"a9c4f53\" data-element_type=\"column\" data-e-type=\"column\">\n\t\t\t<div class=\"elementor-widget-wrap elementor-element-populated\">\n\t\t\t\t\t\t<div class=\"elementor-element elementor-element-a3734a9 elementor-position-top elementor-widget elementor-widget-image-box\" data-id=\"a3734a9\" data-element_type=\"widget\" data-e-type=\"widget\" data-widget_type=\"image-box.default\">\n\t\t\t\t<div class=\"elementor-widget-container\">\n\t\t\t\t\t<div class=\"elementor-image-box-wrapper\"><figure class=\"elementor-image-box-img\"><a href=\"http:\/\/kuvv.de\/index.php\/traditionsinsel\/#\" tabindex=\"-1\"><img loading=\"lazy\" decoding=\"async\" width=\"200\" height=\"300\" src=\"http:\/\/kuvv.de\/wp-content\/uploads\/2022\/06\/Aktiv_Sole_Park_Verein2-200x300.jpg\" class=\"elementor-animation-shrink attachment-medium size-medium wp-image-883\" alt=\"\" srcset=\"http:\/\/kuvv.de\/wp-content\/uploads\/2022\/06\/Aktiv_Sole_Park_Verein2-200x300.jpg 200w, http:\/\/kuvv.de\/wp-content\/uploads\/2022\/06\/Aktiv_Sole_Park_Verein2.jpg 512w\" sizes=\"(max-width: 200px) 100vw, 200px\" \/><\/a><\/figure><div class=\"elementor-image-box-content\"><p class=\"elementor-image-box-description\">Aktuelle Projekte<\/p><\/div><\/div>\t\t\t\t<\/div>\n\t\t\t\t<\/div>\n\t\t\t\t\t<\/div>\n\t\t<\/div>\n\t\t\t\t<div class=\"elementor-column elementor-col-33 elementor-inner-column elementor-element elementor-element-32f3e07\" data-id=\"32f3e07\" data-element_type=\"column\" data-e-type=\"column\">\n\t\t\t<div class=\"elementor-widget-wrap elementor-element-populated\">\n\t\t\t\t\t\t<div class=\"elementor-element elementor-element-608965e elementor-position-top elementor-widget elementor-widget-image-box\" data-id=\"608965e\" data-element_type=\"widget\" data-e-type=\"widget\" data-widget_type=\"image-box.default\">\n\t\t\t\t<div class=\"elementor-widget-container\">\n\t\t\t\t\t<div class=\"elementor-image-box-wrapper\"><figure class=\"elementor-image-box-img\"><a href=\"http:\/\/kuvv.de\/index.php\/zukuenftige-projekte\/\" tabindex=\"-1\"><img loading=\"lazy\" decoding=\"async\" width=\"225\" height=\"300\" src=\"http:\/\/kuvv.de\/wp-content\/uploads\/2022\/05\/Rathaus_Wengler2-225x300.jpg\" class=\"elementor-animation-shrink attachment-medium size-medium wp-image-480\" alt=\"\" srcset=\"http:\/\/kuvv.de\/wp-content\/uploads\/2022\/05\/Rathaus_Wengler2-225x300.jpg 225w, http:\/\/kuvv.de\/wp-content\/uploads\/2022\/05\/Rathaus_Wengler2.jpg 576w\" sizes=\"(max-width: 225px) 100vw, 225px\" \/><\/a><\/figure><div class=\"elementor-image-box-content\"><p class=\"elementor-image-box-description\">Zuk\u00fcnftige Projekte<\/p><\/div><\/div>\t\t\t\t<\/div>\n\t\t\t\t<\/div>\n\t\t\t\t\t<\/div>\n\t\t<\/div>\n\t\t\t\t<div class=\"elementor-column elementor-col-33 elementor-inner-column elementor-element elementor-element-1ac5709\" data-id=\"1ac5709\" data-element_type=\"column\" data-e-type=\"column\">\n\t\t\t<div class=\"elementor-widget-wrap elementor-element-populated\">\n\t\t\t\t\t\t<div class=\"elementor-element elementor-element-d300c95 elementor-position-top elementor-widget elementor-widget-image-box\" data-id=\"d300c95\" data-element_type=\"widget\" data-e-type=\"widget\" data-widget_type=\"image-box.default\">\n\t\t\t\t<div class=\"elementor-widget-container\">\n\t\t\t\t\t<div class=\"elementor-image-box-wrapper\"><figure class=\"elementor-image-box-img\"><a href=\"http:\/\/kuvv.de\/index.php\/vergangene-projekte\/\" tabindex=\"-1\"><img loading=\"lazy\" decoding=\"async\" width=\"217\" height=\"300\" src=\"http:\/\/kuvv.de\/wp-content\/uploads\/2022\/06\/kurpark_wengler-2-217x300.jpg\" class=\"elementor-animation-shrink attachment-medium size-medium wp-image-954\" alt=\"\" srcset=\"http:\/\/kuvv.de\/wp-content\/uploads\/2022\/06\/kurpark_wengler-2-217x300.jpg 217w, http:\/\/kuvv.de\/wp-content\/uploads\/2022\/06\/kurpark_wengler-2.jpg 556w\" sizes=\"(max-width: 217px) 100vw, 217px\" \/><\/a><\/figure><div class=\"elementor-image-box-content\"><p class=\"elementor-image-box-description\">Vergangene Projekte<\/p><\/div><\/div>\t\t\t\t<\/div>\n\t\t\t\t<\/div>\n\t\t\t\t\t<\/div>\n\t\t<\/div>\n\t\t\t\t\t<\/div>\n\t\t<\/section>\n\t\t\t\t\t<\/div>\n\t\t<\/div>\n\t\t\t\t\t<\/div>\n\t\t<\/section>\n\t\t\t\t<\/div>\n\t\t","protected":false},"excerpt":{"rendered":"<p>Vergangene Projekte 2022 &#8211; 400 Jahre Schlacht am Ohrenberg Sole-Erlebnis-Weg im Sole-Aktiv-Park 2021 &#8211; Panoramakarte am K\u00e4sberg 2019 &#8211; SWR4 Sommern\u00e4chte 2021 &#8211; Green Fitness Parcours 2019 &#8211; 750 Jahre Langenbr\u00fccken &#8211; Fank Ausstellung Projekt\u00fcbersicht 1999 &#8211; 2021 Aktuelle Projekte Zuk\u00fcnftige Projekte Vergangene Projekte<\/p>\n","protected":false},"author":3,"featured_media":0,"parent":0,"menu_order":0,"comment_status":"closed","ping_status":"closed","template":"","meta":{"footnotes":""},"class_list":["post-827","page","type-page","status-publish","hentry"],"_links":{"self":[{"href":"http:\/\/kuvv.de\/index.php\/wp-json\/wp\/v2\/pages\/827","targetHints":{"allow":["GET"]}}],"collection":[{"href":"http:\/\/kuvv.de\/index.php\/wp-json\/wp\/v2\/pages"}],"about":[{"href":"http:\/\/kuvv.de\/index.php\/wp-json\/wp\/v2\/types\/page"}],"author":[{"embeddable":true,"href":"http:\/\/kuvv.de\/index.php\/wp-json\/wp\/v2\/users\/3"}],"replies":[{"embeddable":true,"href":"http:\/\/kuvv.de\/index.php\/wp-json\/wp\/v2\/comments?post=827"}],"version-history":[{"count":97,"href":"http:\/\/kuvv.de\/index.php\/wp-json\/wp\/v2\/pages\/827\/revisions"}],"predecessor-version":[{"id":2123,"href":"http:\/\/kuvv.de\/index.php\/wp-json\/wp\/v2\/pages\/827\/revisions\/2123"}],"wp:attachment":[{"href":"http:\/\/kuvv.de\/index.php\/wp-json\/wp\/v2\/media?parent=827"}],"curies":[{"name":"wp","href":"https:\/\/api.w.org\/{rel}","templated":true}]}}