{"id":692,"date":"2022-06-10T08:34:45","date_gmt":"2022-06-10T08:34:45","guid":{"rendered":"http:\/\/10.3.43.9\/?page_id=692"},"modified":"2023-06-14T20:50:27","modified_gmt":"2023-06-14T18:50:27","slug":"traditionsinsel","status":"publish","type":"page","link":"http:\/\/kuvv.de\/index.php\/traditionsinsel\/","title":{"rendered":"Traditionsinsel"},"content":{"rendered":"<style>\/*! elementor - v3.13.3 - 28-05-2023 *\/<br \/>\n.elementor-heading-title{padding:0;margin:0;line-height:1}.elementor-widget-heading .elementor-heading-title[class*=elementor-size-]>a{color:inherit;font-size:inherit;line-height:inherit}.elementor-widget-heading .elementor-heading-title.elementor-size-small{font-size:15px}.elementor-widget-heading .elementor-heading-title.elementor-size-medium{font-size:19px}.elementor-widget-heading .elementor-heading-title.elementor-size-large{font-size:29px}.elementor-widget-heading .elementor-heading-title.elementor-size-xl{font-size:39px}.elementor-widget-heading .elementor-heading-title.elementor-size-xxl{font-size:59px}<\/style>\n<h2>Unsere Herzensangelegenheit &#8222;Traditionsinsel&#8220;<\/h2>\n<blockquote><p>\u201eEine der vorz\u00fcglichsten Eigenschaften von Geb\u00e4uden ist historische Tiefe.&nbsp;<br \/>\nDie Quelle aller Geschichte ist Tradition.\u201c&nbsp;<br \/>\n&#8211; Schiller<\/p>\n<p><strong>Informationen zum aktuellen Projekt<\/strong><\/p>\n<p><strong>&#8222;Versch\u00f6nerung von Stromk\u00e4sten&#8220; finden sie unter der Rubrik &#8222;Zuk\u00fcnftige Projekte&#8220;<\/strong><\/p><\/blockquote>\n<p>Was w\u00e4re Bad Sch\u00f6nborn ohne historische Geb\u00e4ude, alte Viertel, Br\u00fccken, Marktpl\u00e4tze und Skulpturen?&nbsp;<\/p>\n<p>Geb\u00e4ude und Orte die Geschichte(n) erz\u00e4hlen&nbsp;typische Eigenheiten unserer Region verk\u00f6rpern&nbsp;Wahrzeichen unseres Ortes sind&nbsp;unsere kulturelle, kommunale Identit\u00e4t wiederspiegeln?&nbsp;<\/p>\n<p>Historische Geb\u00e4ude, alte Viertel, Br\u00fccken und Pl\u00e4tze sind Zeugen der kulturellenwirtschaftlichen- und architektonischen Entwicklung- authentische Orte der Bad Sch\u00f6nborner Ortsgeschichte.&nbsp;<\/p>\n<p>Der Kur-und Verkehrsverein m\u00f6chte daf\u00fcr Sorge tragen, die noch vorhandenen historischen Werte Bad Sch\u00f6nborns als Orte der geschichtlichen Erinnerung zu erhalten, in der sich der \u00fcber Jahrhunderte reichende kulturelle Reichtum physisch und regional -und nicht nur durch eine Ortstafel- tats\u00e4chlich erfahren l\u00e4sst.&nbsp;<\/p>\n<p>Auch um einer Geschichts- und Gesichtslosen, monotonen Ortsentwicklung entgegen zu wirken.&nbsp;<\/p>\n<p>F\u00fcr den Erhalt und die Schaffung von Naturr\u00e4umen, Gr\u00fcnfl\u00e4chen und Verweilpl\u00e4tzen im Ort &#8211; als unverwechselbares Gesicht unseres Heimatortes und unserer besonderen Kulturlandschaft als Wahrzeichen der Gemeinde.&nbsp;<\/p>\n<blockquote><p>Das ist die Herzensangelegenheit unseres Kur- und Verkehrsvereins:&nbsp;<br \/>\nDenn Zukunft braucht Heimatliebe und Tradition und den Dank an die Vergangenheit als unser Geschenk an die Zukunft!&nbsp;<br \/>\n&nbsp;Machen Sie mit- werden Sie ein Bad Sch\u00f6nborner Herzensmensch!P<\/p>\n<p>&#8222;Zuk\u00fcnftige Projekte&#8220;<\/p><\/blockquote>\n<style>\/*! elementor - v3.13.3 - 28-05-2023 *\/<br \/>\n.elementor-widget-divider{--divider-border-style:none;--divider-border-width:1px;--divider-color:#0c0d0e;--divider-icon-size:20px;--divider-element-spacing:10px;--divider-pattern-height:24px;--divider-pattern-size:20px;--divider-pattern-url:none;--divider-pattern-repeat:repeat-x}.elementor-widget-divider .elementor-divider{display:flex}.elementor-widget-divider .elementor-divider__text{font-size:15px;line-height:1;max-width:95%}.elementor-widget-divider .elementor-divider__element{margin:0 var(--divider-element-spacing);flex-shrink:0}.elementor-widget-divider .elementor-icon{font-size:var(--divider-icon-size)}.elementor-widget-divider .elementor-divider-separator{display:flex;margin:0;direction:ltr}.elementor-widget-divider--view-line_icon .elementor-divider-separator,.elementor-widget-divider--view-line_text .elementor-divider-separator{align-items:center}.elementor-widget-divider--view-line_icon .elementor-divider-separator:after,.elementor-widget-divider--view-line_icon .elementor-divider-separator:before,.elementor-widget-divider--view-line_text .elementor-divider-separator:after,.elementor-widget-divider--view-line_text .elementor-divider-separator:before{display:block;content:\"\";border-bottom:0;flex-grow:1;border-top:var(--divider-border-width) var(--divider-border-style) var(--divider-color)}.elementor-widget-divider--element-align-left .elementor-divider .elementor-divider-separator>.elementor-divider__svg:first-of-type{flex-grow:0;flex-shrink:100}.elementor-widget-divider--element-align-left .elementor-divider-separator:before{content:none}.elementor-widget-divider--element-align-left .elementor-divider__element{margin-left:0}.elementor-widget-divider--element-align-right .elementor-divider .elementor-divider-separator>.elementor-divider__svg:last-of-type{flex-grow:0;flex-shrink:100}.elementor-widget-divider--element-align-right .elementor-divider-separator:after{content:none}.elementor-widget-divider--element-align-right .elementor-divider__element{margin-right:0}.elementor-widget-divider:not(.elementor-widget-divider--view-line_text):not(.elementor-widget-divider--view-line_icon) .elementor-divider-separator{border-top:var(--divider-border-width) var(--divider-border-style) var(--divider-color)}.elementor-widget-divider--separator-type-pattern{--divider-border-style:none}.elementor-widget-divider--separator-type-pattern.elementor-widget-divider--view-line .elementor-divider-separator,.elementor-widget-divider--separator-type-pattern:not(.elementor-widget-divider--view-line) .elementor-divider-separator:after,.elementor-widget-divider--separator-type-pattern:not(.elementor-widget-divider--view-line) .elementor-divider-separator:before,.elementor-widget-divider--separator-type-pattern:not([class*=elementor-widget-divider--view]) .elementor-divider-separator{width:100%;min-height:var(--divider-pattern-height);-webkit-mask-size:var(--divider-pattern-size) 100%;mask-size:var(--divider-pattern-size) 100%;-webkit-mask-repeat:var(--divider-pattern-repeat);mask-repeat:var(--divider-pattern-repeat);background-color:var(--divider-color);-webkit-mask-image:var(--divider-pattern-url);mask-image:var(--divider-pattern-url)}.elementor-widget-divider--no-spacing{--divider-pattern-size:auto}.elementor-widget-divider--bg-round{--divider-pattern-repeat:round}.rtl .elementor-widget-divider .elementor-divider__text{direction:rtl}.e-con-inner>.elementor-widget-divider,.e-con>.elementor-widget-divider{width:var(--container-widget-width,100%);--flex-grow:var(--container-widget-flex-grow)}<\/style>\n<style>\/*! elementor - v3.13.3 - 28-05-2023 *\/<br \/>\n.elementor-widget-image-box .elementor-image-box-content{width:100%}@media (min-width:768px){.elementor-widget-image-box.elementor-position-left .elementor-image-box-wrapper,.elementor-widget-image-box.elementor-position-right .elementor-image-box-wrapper{display:flex}.elementor-widget-image-box.elementor-position-right .elementor-image-box-wrapper{text-align:right;flex-direction:row-reverse}.elementor-widget-image-box.elementor-position-left .elementor-image-box-wrapper{text-align:left;flex-direction:row}.elementor-widget-image-box.elementor-position-top .elementor-image-box-img{margin:auto}.elementor-widget-image-box.elementor-vertical-align-top .elementor-image-box-wrapper{align-items:flex-start}.elementor-widget-image-box.elementor-vertical-align-middle .elementor-image-box-wrapper{align-items:center}.elementor-widget-image-box.elementor-vertical-align-bottom .elementor-image-box-wrapper{align-items:flex-end}}@media (max-width:767px){.elementor-widget-image-box .elementor-image-box-img{margin-left:auto!important;margin-right:auto!important;margin-bottom:15px}}.elementor-widget-image-box .elementor-image-box-img{display:inline-block}.elementor-widget-image-box .elementor-image-box-title a{color:inherit}.elementor-widget-image-box .elementor-image-box-wrapper{text-align:center}.elementor-widget-image-box .elementor-image-box-description{margin:0}<\/style>\n<figure><a href=\"http:\/\/kuvv.de\/index.php\/traditionsinsel\/#\"><img loading=\"lazy\" decoding=\"async\" width=\"200\" height=\"300\" src=\"http:\/\/kuvv.de\/wp-content\/uploads\/2022\/06\/Aktiv_Sole_Park_Verein2-200x300.jpg\" alt=\"\" loading=\"lazy\"><\/a><\/figure>\n<p>Aktuelle Projekte<\/p>\n<figure><a href=\"http:\/\/kuvv.de\/index.php\/zukuenftige-projekte\/\"><img loading=\"lazy\" decoding=\"async\" width=\"225\" height=\"300\" src=\"http:\/\/kuvv.de\/wp-content\/uploads\/2022\/05\/Rathaus_Wengler2-225x300.jpg\" alt=\"\" loading=\"lazy\"><\/a><\/figure>\n<p>Zuk\u00fcnftige Projekte<\/p>\n<figure><a href=\"http:\/\/kuvv.de\/index.php\/vergangene-projekte\/\"><img loading=\"lazy\" decoding=\"async\" width=\"217\" height=\"300\" src=\"http:\/\/kuvv.de\/wp-content\/uploads\/2022\/06\/kurpark_wengler-2-217x300.jpg\" alt=\"\" loading=\"lazy\"><\/a><\/figure>\n<p>Vergangene Projekte<\/p>\n","protected":false},"excerpt":{"rendered":"<p>Unsere Herzensangelegenheit &#8222;Traditionsinsel&#8220; \u201eEine der vorz\u00fcglichsten Eigenschaften von Geb\u00e4uden ist historische Tiefe.&nbsp; Die Quelle aller Geschichte ist Tradition.\u201c&nbsp; &#8211; Schiller Informationen zum aktuellen Projekt &#8222;Versch\u00f6nerung von Stromk\u00e4sten&#8220; finden sie unter der Rubrik &#8222;Zuk\u00fcnftige Projekte&#8220; Was w\u00e4re Bad Sch\u00f6nborn ohne historische Geb\u00e4ude, alte Viertel, Br\u00fccken, Marktpl\u00e4tze und Skulpturen?&nbsp; Geb\u00e4ude und Orte die Geschichte(n) erz\u00e4hlen&nbsp;typische Eigenheiten unserer &hellip; <\/p>\n<p class=\"link-more\"><a href=\"http:\/\/kuvv.de\/index.php\/traditionsinsel\/\" class=\"more-link\">Mehr <span class=\"screen-reader-text\">\u00fcber &#8222;Traditionsinsel&#8220; <\/span>Lesen<\/a><\/p>\n","protected":false},"author":3,"featured_media":0,"parent":0,"menu_order":0,"comment_status":"closed","ping_status":"closed","template":"","meta":{"footnotes":""},"class_list":["post-692","page","type-page","status-publish","hentry"],"_links":{"self":[{"href":"http:\/\/kuvv.de\/index.php\/wp-json\/wp\/v2\/pages\/692","targetHints":{"allow":["GET"]}}],"collection":[{"href":"http:\/\/kuvv.de\/index.php\/wp-json\/wp\/v2\/pages"}],"about":[{"href":"http:\/\/kuvv.de\/index.php\/wp-json\/wp\/v2\/types\/page"}],"author":[{"embeddable":true,"href":"http:\/\/kuvv.de\/index.php\/wp-json\/wp\/v2\/users\/3"}],"replies":[{"embeddable":true,"href":"http:\/\/kuvv.de\/index.php\/wp-json\/wp\/v2\/comments?post=692"}],"version-history":[{"count":103,"href":"http:\/\/kuvv.de\/index.php\/wp-json\/wp\/v2\/pages\/692\/revisions"}],"predecessor-version":[{"id":2255,"href":"http:\/\/kuvv.de\/index.php\/wp-json\/wp\/v2\/pages\/692\/revisions\/2255"}],"wp:attachment":[{"href":"http:\/\/kuvv.de\/index.php\/wp-json\/wp\/v2\/media?parent=692"}],"curies":[{"name":"wp","href":"https:\/\/api.w.org\/{rel}","templated":true}]}}