{"id":637,"date":"2022-06-08T07:45:08","date_gmt":"2022-06-08T07:45:08","guid":{"rendered":"http:\/\/10.3.43.9\/?page_id=637"},"modified":"2022-07-11T13:44:23","modified_gmt":"2022-07-11T11:44:23","slug":"informationen-zum-verein","status":"publish","type":"page","link":"http:\/\/kuvv.de\/index.php\/informationen-zum-verein\/","title":{"rendered":"Historie"},"content":{"rendered":"\t\t<div data-elementor-type=\"wp-page\" data-elementor-id=\"637\" class=\"elementor elementor-637\">\n\t\t\t\t\t\t<section class=\"elementor-section elementor-top-section elementor-element elementor-element-b6e19f3 elementor-section-boxed elementor-section-height-default elementor-section-height-default\" data-id=\"b6e19f3\" data-element_type=\"section\" data-e-type=\"section\">\n\t\t\t\t\t\t<div class=\"elementor-container elementor-column-gap-default\">\n\t\t\t\t\t<div class=\"elementor-column elementor-col-100 elementor-top-column elementor-element elementor-element-68b2bb5\" data-id=\"68b2bb5\" data-element_type=\"column\" data-e-type=\"column\">\n\t\t\t<div class=\"elementor-widget-wrap elementor-element-populated\">\n\t\t\t\t\t\t<div class=\"elementor-element elementor-element-247aa33 heading-block elementor-widget elementor-widget-heading\" data-id=\"247aa33\" data-element_type=\"widget\" data-e-type=\"widget\" data-widget_type=\"heading.default\">\n\t\t\t\t<div class=\"elementor-widget-container\">\n\t\t\t\t\t<h1 class=\"elementor-heading-title elementor-size-default\">Informationen zum Verein<\/h1>\t\t\t\t<\/div>\n\t\t\t\t<\/div>\n\t\t\t\t<div class=\"elementor-element elementor-element-65fee17 elementor-widget elementor-widget-text-editor\" data-id=\"65fee17\" data-element_type=\"widget\" data-e-type=\"widget\" data-widget_type=\"text-editor.default\">\n\t\t\t\t<div class=\"elementor-widget-container\">\n\t\t\t\t\t\t\t\t\t<p>Was haben diese Bad Sch\u00f6nborner Pers\u00f6nlichkeiten mit der Zukunft Bad Sch\u00f6nborns zu tun?<\/p>\t\t\t\t\t\t\t\t<\/div>\n\t\t\t\t<\/div>\n\t\t\t\t\t<\/div>\n\t\t<\/div>\n\t\t\t\t\t<\/div>\n\t\t<\/section>\n\t\t\t\t<section class=\"elementor-section elementor-top-section elementor-element elementor-element-c9d8398 elementor-section-boxed elementor-section-height-default elementor-section-height-default\" data-id=\"c9d8398\" data-element_type=\"section\" data-e-type=\"section\">\n\t\t\t\t\t\t<div class=\"elementor-container elementor-column-gap-default\">\n\t\t\t\t\t<div class=\"elementor-column elementor-col-33 elementor-top-column elementor-element elementor-element-2ed5f10\" data-id=\"2ed5f10\" data-element_type=\"column\" data-e-type=\"column\">\n\t\t\t<div class=\"elementor-widget-wrap elementor-element-populated\">\n\t\t\t\t\t\t<div class=\"elementor-element elementor-element-795dda8 elementor-widget elementor-widget-image\" data-id=\"795dda8\" data-element_type=\"widget\" data-e-type=\"widget\" data-widget_type=\"image.default\">\n\t\t\t\t<div class=\"elementor-widget-container\">\n\t\t\t\t\t\t\t\t\t\t\t\t\t\t\t<img decoding=\"async\" width=\"150\" height=\"150\" src=\"http:\/\/kuvv.de\/wp-content\/uploads\/2022\/05\/Bild1-150x150.jpg\" class=\"attachment-thumbnail size-thumbnail wp-image-538\" alt=\"\" sizes=\"100vw\" \/>\t\t\t\t\t\t\t\t\t\t\t\t\t\t\t<\/div>\n\t\t\t\t<\/div>\n\t\t\t\t\t<\/div>\n\t\t<\/div>\n\t\t\t\t<div class=\"elementor-column elementor-col-33 elementor-top-column elementor-element elementor-element-25ce5f8\" data-id=\"25ce5f8\" data-element_type=\"column\" data-e-type=\"column\">\n\t\t\t<div class=\"elementor-widget-wrap elementor-element-populated\">\n\t\t\t\t\t\t<div class=\"elementor-element elementor-element-93ac53f elementor-widget elementor-widget-image\" data-id=\"93ac53f\" data-element_type=\"widget\" data-e-type=\"widget\" data-widget_type=\"image.default\">\n\t\t\t\t<div class=\"elementor-widget-container\">\n\t\t\t\t\t\t\t\t\t\t\t\t\t\t\t<img decoding=\"async\" width=\"112\" height=\"150\" src=\"http:\/\/kuvv.de\/wp-content\/uploads\/2022\/05\/Bild2-112x150.jpg\" class=\"attachment-thumbnail size-thumbnail wp-image-539\" alt=\"\" sizes=\"100vw\" \/>\t\t\t\t\t\t\t\t\t\t\t\t\t\t\t<\/div>\n\t\t\t\t<\/div>\n\t\t\t\t\t<\/div>\n\t\t<\/div>\n\t\t\t\t<div class=\"elementor-column elementor-col-33 elementor-top-column elementor-element elementor-element-4686ba9\" data-id=\"4686ba9\" data-element_type=\"column\" data-e-type=\"column\">\n\t\t\t<div class=\"elementor-widget-wrap elementor-element-populated\">\n\t\t\t\t\t\t<div class=\"elementor-element elementor-element-8a178cf elementor-widget elementor-widget-image\" data-id=\"8a178cf\" data-element_type=\"widget\" data-e-type=\"widget\" data-widget_type=\"image.default\">\n\t\t\t\t<div class=\"elementor-widget-container\">\n\t\t\t\t\t\t\t\t\t\t\t\t\t\t\t<img decoding=\"async\" width=\"150\" height=\"150\" src=\"http:\/\/kuvv.de\/wp-content\/uploads\/2022\/05\/Bild3-150x150.jpg\" class=\"attachment-thumbnail size-thumbnail wp-image-540\" alt=\"\" sizes=\"100vw\" \/>\t\t\t\t\t\t\t\t\t\t\t\t\t\t\t<\/div>\n\t\t\t\t<\/div>\n\t\t\t\t\t<\/div>\n\t\t<\/div>\n\t\t\t\t\t<\/div>\n\t\t<\/section>\n\t\t\t\t<section class=\"elementor-section elementor-top-section elementor-element elementor-element-dec56c3 elementor-section-boxed elementor-section-height-default elementor-section-height-default\" data-id=\"dec56c3\" data-element_type=\"section\" data-e-type=\"section\">\n\t\t\t\t\t\t<div class=\"elementor-container elementor-column-gap-default\">\n\t\t\t\t\t<div class=\"elementor-column elementor-col-100 elementor-top-column elementor-element elementor-element-d8d291d\" data-id=\"d8d291d\" data-element_type=\"column\" data-e-type=\"column\">\n\t\t\t<div class=\"elementor-widget-wrap elementor-element-populated\">\n\t\t\t\t\t\t<div class=\"elementor-element elementor-element-d1204fa elementor-widget elementor-widget-text-editor\" data-id=\"d1204fa\" data-element_type=\"widget\" data-e-type=\"widget\" data-widget_type=\"text-editor.default\">\n\t\t\t\t<div class=\"elementor-widget-container\">\n\t\t\t\t\t\t\t\t\t<p><span style=\"color: var( --e-global-color-text ); font-family: var( --e-global-typography-text-font-family ), Sans-serif; font-weight: var( --e-global-typography-text-font-weight );\">Sie legten den Grundstein f\u00fcr unser heutiges Bad Sch\u00f6nborn und sorgten bereits vor 250 Jahren daf\u00fcr, dass sich zwei kleine Bauernd\u00f6rfer zu einer aufstrebenden attraktiven Gesundheitsgemeinde entwickelt hat. Sie sind Zeugen unserer kulturellen, wirtschaftlichen und architektonischen Entwicklung, Wahrzeichen unseres Ortes und spiegeln unsere kulturelle Identit\u00e4t wieder und erz\u00e4hlen von der Schaffenskraft der Menschen in unserer Region.<\/span><\/p>\n<p>Unser <b><i>Kur- und Verkehrsverein Bad Sch\u00f6nborn<\/i><\/b> hat sich bereits vor \u00fcber 90 Jahren zur Aufgabe gemacht, diesen \u00fcber Jahrhunderte reichenden kulturellen Reichtum zu bewahren und weiter zu entwickeln. In dieser Tradition stehen wir auch heute f\u00fcr die F\u00f6rderung des kulturellen Lebens und der Gastlichkeit, f\u00fcr den Erhalt und die F\u00f6rderung des Brauchtums, der Kultur und der Heimatpflege. Wir m\u00f6chten unsere lebens- und liebenswerte Heimatregion f\u00fcr alle Bewohner:innen und Besucher:innen weiterentwickeln. Daf\u00fcr haben wir bereits einige Projekt-Ideen geplant wie zum Beispiel unserer <a href=\"http:\/\/kuvv.de\/index.php\/traditionsinsel\/\">Herzensprojekt Traditionsinseln<\/a> . Weitere Projekte sollen verwirklicht werden mit ihren Ideen, ihrem Rat, ihrer Tat und ihrer Spende.&nbsp;<span style=\"color: var( --e-global-color-text ); font-family: var( --e-global-typography-text-font-family ), Sans-serif; font-weight: var( --e-global-typography-text-font-weight );\"><br><\/span><\/p>\n<p>Denn um die Zukunft Bad Sch\u00f6nborns mitzugestalten und weiter zu entwickeln, brauchen wir viele, die Bad Sch\u00f6nborn zu ihrer Herzensangelegenheit machen- daf\u00fcr brauchen wir Sie!<\/p>\n<p><\/p>\t\t\t\t\t\t\t\t<\/div>\n\t\t\t\t<\/div>\n\t\t\t\t\t<\/div>\n\t\t<\/div>\n\t\t\t\t\t<\/div>\n\t\t<\/section>\n\t\t\t\t<section class=\"elementor-section elementor-top-section elementor-element elementor-element-d8e9923 elementor-section-boxed elementor-section-height-default elementor-section-height-default\" data-id=\"d8e9923\" data-element_type=\"section\" data-e-type=\"section\">\n\t\t\t\t\t\t<div class=\"elementor-container elementor-column-gap-default\">\n\t\t\t\t\t<div class=\"elementor-column elementor-col-100 elementor-top-column elementor-element elementor-element-540077c\" data-id=\"540077c\" data-element_type=\"column\" data-e-type=\"column\">\n\t\t\t<div class=\"elementor-widget-wrap elementor-element-populated\">\n\t\t\t\t\t\t<div class=\"elementor-element elementor-element-4f033d8 elementor-widget elementor-widget-text-editor\" data-id=\"4f033d8\" data-element_type=\"widget\" data-e-type=\"widget\" data-widget_type=\"text-editor.default\">\n\t\t\t\t<div class=\"elementor-widget-container\">\n\t\t\t\t\t\t\t\t\t<p><span style=\"color: var( --e-global-color-text ); font-family: var( --e-global-typography-text-font-family ), Sans-serif; font-weight: var( --e-global-typography-text-font-weight );\">Ein paar Beispiele f\u00fcr M\u00f6glichkeiten finden Sie\u00a0<\/span><a style=\"font-family: var( --e-global-typography-text-font-family ), Sans-serif; font-weight: var( --e-global-typography-text-font-weight ); background-color: #ffffff;\" href=\"http:\/\/kuvv.de\/index.php\/sample-page\/\">hier<\/a><\/p>\t\t\t\t\t\t\t\t<\/div>\n\t\t\t\t<\/div>\n\t\t\t\t\t<\/div>\n\t\t<\/div>\n\t\t\t\t\t<\/div>\n\t\t<\/section>\n\t\t\t\t<\/div>\n\t\t","protected":false},"excerpt":{"rendered":"<p>Informationen zum Verein Was haben diese Bad Sch\u00f6nborner Pers\u00f6nlichkeiten mit der Zukunft Bad Sch\u00f6nborns zu tun? Sie legten den Grundstein f\u00fcr unser heutiges Bad Sch\u00f6nborn und sorgten bereits vor 250 Jahren daf\u00fcr, dass sich zwei kleine Bauernd\u00f6rfer zu einer aufstrebenden attraktiven Gesundheitsgemeinde entwickelt hat. Sie sind Zeugen unserer kulturellen, wirtschaftlichen und architektonischen Entwicklung, Wahrzeichen unseres &hellip; <\/p>\n<p class=\"link-more\"><a href=\"http:\/\/kuvv.de\/index.php\/informationen-zum-verein\/\" class=\"more-link\">Mehr <span class=\"screen-reader-text\">\u00fcber &#8222;Historie&#8220; <\/span>Lesen<\/a><\/p>\n","protected":false},"author":8,"featured_media":0,"parent":0,"menu_order":0,"comment_status":"closed","ping_status":"closed","template":"","meta":{"footnotes":""},"class_list":["post-637","page","type-page","status-publish","hentry"],"_links":{"self":[{"href":"http:\/\/kuvv.de\/index.php\/wp-json\/wp\/v2\/pages\/637","targetHints":{"allow":["GET"]}}],"collection":[{"href":"http:\/\/kuvv.de\/index.php\/wp-json\/wp\/v2\/pages"}],"about":[{"href":"http:\/\/kuvv.de\/index.php\/wp-json\/wp\/v2\/types\/page"}],"author":[{"embeddable":true,"href":"http:\/\/kuvv.de\/index.php\/wp-json\/wp\/v2\/users\/8"}],"replies":[{"embeddable":true,"href":"http:\/\/kuvv.de\/index.php\/wp-json\/wp\/v2\/comments?post=637"}],"version-history":[{"count":30,"href":"http:\/\/kuvv.de\/index.php\/wp-json\/wp\/v2\/pages\/637\/revisions"}],"predecessor-version":[{"id":2157,"href":"http:\/\/kuvv.de\/index.php\/wp-json\/wp\/v2\/pages\/637\/revisions\/2157"}],"wp:attachment":[{"href":"http:\/\/kuvv.de\/index.php\/wp-json\/wp\/v2\/media?parent=637"}],"curies":[{"name":"wp","href":"https:\/\/api.w.org\/{rel}","templated":true}]}}