{"id":1140,"date":"2022-06-13T18:21:58","date_gmt":"2022-06-13T18:21:58","guid":{"rendered":"http:\/\/10.3.43.9\/?page_id=1140"},"modified":"2022-07-11T10:46:15","modified_gmt":"2022-07-11T08:46:15","slug":"brauchtumspflege-projekt","status":"publish","type":"page","link":"http:\/\/kuvv.de\/index.php\/brauchtumspflege-projekt\/","title":{"rendered":"Brauchtumspflege Projekt"},"content":{"rendered":"\t\t<div data-elementor-type=\"wp-page\" data-elementor-id=\"1140\" class=\"elementor elementor-1140\">\n\t\t\t\t\t\t<section class=\"elementor-section elementor-top-section elementor-element elementor-element-14e52c85 elementor-section-boxed elementor-section-height-default elementor-section-height-default\" data-id=\"14e52c85\" data-element_type=\"section\" data-e-type=\"section\">\n\t\t\t\t\t\t<div class=\"elementor-container elementor-column-gap-default\">\n\t\t\t\t\t<div class=\"elementor-column elementor-col-100 elementor-top-column elementor-element elementor-element-4f8ff27f\" data-id=\"4f8ff27f\" data-element_type=\"column\" data-e-type=\"column\">\n\t\t\t<div class=\"elementor-widget-wrap elementor-element-populated\">\n\t\t\t\t\t\t<div class=\"elementor-element elementor-element-df9f49e elementor-widget elementor-widget-text-editor\" data-id=\"df9f49e\" data-element_type=\"widget\" data-e-type=\"widget\" data-widget_type=\"text-editor.default\">\n\t\t\t\t<div class=\"elementor-widget-container\">\n\t\t\t\t\t\t\t\t\t\n<p><\/p>\n\n\n\n<h2 class=\"has-text-align-center wp-block-heading\">Brauchtumspflege<\/h2>\n\n\n\n<blockquote class=\"wp-block-quote is-layout-flow wp-block-quote-is-layout-flow\"><p>Die Kostbarkeit unserer Br\u00e4uche.<\/p><\/blockquote>\n\n\n\n<p>Wir sind tief gepr\u00e4gt durch eine Vielzahl von kleinen und wertvollen Br\u00e4uchen, die uns mit unserer Heimat verkn\u00fcpfen, die uns den Alltag erleichtern, und ihn mit Bedeutung f\u00fcllen.<\/p>\n\n\n\n<p>Wir- der Kur- und Verkehrsverein m\u00f6chten daf\u00fcr Sorge tragen, dass ihre tiefere Bedeutung und ihre Kostbarkeit weiterhin in unserem Bewusstsein verankert sind.<br>z.b. Martinsumzug, Fasnacht, Maibaum, Schlepper-Treffen<br>Madonnenweg<br>Historische Bilder Sammlung<\/p>\n\n\n\n<ul class=\"wp-block-list\"><li>Historische Ortsrundg\u00e4nge virtuell, analog den Ortstafeln- Einbeziehung der gesamten Schlossgeschichte Kislau<\/li><\/ul>\n\t\t\t\t\t\t\t\t<\/div>\n\t\t\t\t<\/div>\n\t\t\t\t\t<\/div>\n\t\t<\/div>\n\t\t\t\t\t<\/div>\n\t\t<\/section>\n\t\t\t\t<section class=\"elementor-section elementor-top-section elementor-element elementor-element-34209d2 elementor-section-boxed elementor-section-height-default elementor-section-height-default\" data-id=\"34209d2\" data-element_type=\"section\" data-e-type=\"section\">\n\t\t\t\t\t\t<div class=\"elementor-container elementor-column-gap-default\">\n\t\t\t\t\t<div class=\"elementor-column elementor-col-100 elementor-top-column elementor-element elementor-element-b5a74c2\" data-id=\"b5a74c2\" data-element_type=\"column\" data-e-type=\"column\">\n\t\t\t<div class=\"elementor-widget-wrap elementor-element-populated\">\n\t\t\t\t\t\t<div class=\"elementor-element elementor-element-19dde53 elementor-widget-divider--view-line elementor-widget elementor-widget-divider\" data-id=\"19dde53\" data-element_type=\"widget\" data-e-type=\"widget\" data-widget_type=\"divider.default\">\n\t\t\t\t<div class=\"elementor-widget-container\">\n\t\t\t\t\t\t\t<div class=\"elementor-divider\">\n\t\t\t<span class=\"elementor-divider-separator\">\n\t\t\t\t\t\t<\/span>\n\t\t<\/div>\n\t\t\t\t\t\t<\/div>\n\t\t\t\t<\/div>\n\t\t\t\t<section class=\"elementor-section elementor-inner-section elementor-element elementor-element-bf92ca2 elementor-section-boxed elementor-section-height-default elementor-section-height-default\" data-id=\"bf92ca2\" data-element_type=\"section\" data-e-type=\"section\">\n\t\t\t\t\t\t<div class=\"elementor-container elementor-column-gap-default\">\n\t\t\t\t\t<div class=\"elementor-column elementor-col-33 elementor-inner-column elementor-element elementor-element-057e634\" data-id=\"057e634\" data-element_type=\"column\" data-e-type=\"column\">\n\t\t\t<div class=\"elementor-widget-wrap elementor-element-populated\">\n\t\t\t\t\t\t<div class=\"elementor-element elementor-element-7a0a978 elementor-position-top elementor-widget elementor-widget-image-box\" data-id=\"7a0a978\" data-element_type=\"widget\" data-e-type=\"widget\" data-widget_type=\"image-box.default\">\n\t\t\t\t<div class=\"elementor-widget-container\">\n\t\t\t\t\t<div class=\"elementor-image-box-wrapper\"><figure class=\"elementor-image-box-img\"><a href=\"http:\/\/kuvv.de\/index.php\/traditionsinsel\/#\" tabindex=\"-1\"><img fetchpriority=\"high\" decoding=\"async\" width=\"200\" height=\"300\" src=\"http:\/\/kuvv.de\/wp-content\/uploads\/2022\/06\/Aktiv_Sole_Park_Verein2-200x300.jpg\" class=\"elementor-animation-shrink attachment-medium size-medium wp-image-883\" alt=\"\" srcset=\"http:\/\/kuvv.de\/wp-content\/uploads\/2022\/06\/Aktiv_Sole_Park_Verein2-200x300.jpg 200w, http:\/\/kuvv.de\/wp-content\/uploads\/2022\/06\/Aktiv_Sole_Park_Verein2.jpg 512w\" sizes=\"(max-width: 200px) 100vw, 200px\" \/><\/a><\/figure><div class=\"elementor-image-box-content\"><p class=\"elementor-image-box-description\">Aktuelle Projekte<\/p><\/div><\/div>\t\t\t\t<\/div>\n\t\t\t\t<\/div>\n\t\t\t\t\t<\/div>\n\t\t<\/div>\n\t\t\t\t<div class=\"elementor-column elementor-col-33 elementor-inner-column elementor-element elementor-element-b8f2fd8\" data-id=\"b8f2fd8\" data-element_type=\"column\" data-e-type=\"column\">\n\t\t\t<div class=\"elementor-widget-wrap elementor-element-populated\">\n\t\t\t\t\t\t<div class=\"elementor-element elementor-element-96cc16a elementor-position-top elementor-widget elementor-widget-image-box\" data-id=\"96cc16a\" data-element_type=\"widget\" data-e-type=\"widget\" data-widget_type=\"image-box.default\">\n\t\t\t\t<div class=\"elementor-widget-container\">\n\t\t\t\t\t<div class=\"elementor-image-box-wrapper\"><figure class=\"elementor-image-box-img\"><a href=\"http:\/\/kuvv.de\/index.php\/zukuenftige-projekte\/\" tabindex=\"-1\"><img decoding=\"async\" width=\"225\" height=\"300\" src=\"http:\/\/kuvv.de\/wp-content\/uploads\/2022\/05\/Rathaus_Wengler2-225x300.jpg\" class=\"elementor-animation-shrink attachment-medium size-medium wp-image-480\" alt=\"\" srcset=\"http:\/\/kuvv.de\/wp-content\/uploads\/2022\/05\/Rathaus_Wengler2-225x300.jpg 225w, http:\/\/kuvv.de\/wp-content\/uploads\/2022\/05\/Rathaus_Wengler2.jpg 576w\" sizes=\"(max-width: 225px) 100vw, 225px\" \/><\/a><\/figure><div class=\"elementor-image-box-content\"><p class=\"elementor-image-box-description\">Zuk\u00fcnftige Projekte<\/p><\/div><\/div>\t\t\t\t<\/div>\n\t\t\t\t<\/div>\n\t\t\t\t\t<\/div>\n\t\t<\/div>\n\t\t\t\t<div class=\"elementor-column elementor-col-33 elementor-inner-column elementor-element elementor-element-732d52b\" data-id=\"732d52b\" data-element_type=\"column\" data-e-type=\"column\">\n\t\t\t<div class=\"elementor-widget-wrap elementor-element-populated\">\n\t\t\t\t\t\t<div class=\"elementor-element elementor-element-db2a907 elementor-position-top elementor-widget elementor-widget-image-box\" data-id=\"db2a907\" data-element_type=\"widget\" data-e-type=\"widget\" data-widget_type=\"image-box.default\">\n\t\t\t\t<div class=\"elementor-widget-container\">\n\t\t\t\t\t<div class=\"elementor-image-box-wrapper\"><figure class=\"elementor-image-box-img\"><a href=\"http:\/\/kuvv.de\/index.php\/vergangene-projekte\/\" tabindex=\"-1\"><img decoding=\"async\" width=\"217\" height=\"300\" src=\"http:\/\/kuvv.de\/wp-content\/uploads\/2022\/06\/kurpark_wengler-2-217x300.jpg\" class=\"elementor-animation-shrink attachment-medium size-medium wp-image-954\" alt=\"\" srcset=\"http:\/\/kuvv.de\/wp-content\/uploads\/2022\/06\/kurpark_wengler-2-217x300.jpg 217w, http:\/\/kuvv.de\/wp-content\/uploads\/2022\/06\/kurpark_wengler-2.jpg 556w\" sizes=\"(max-width: 217px) 100vw, 217px\" \/><\/a><\/figure><div class=\"elementor-image-box-content\"><p class=\"elementor-image-box-description\">Vergangene Projekte<\/p><\/div><\/div>\t\t\t\t<\/div>\n\t\t\t\t<\/div>\n\t\t\t\t\t<\/div>\n\t\t<\/div>\n\t\t\t\t\t<\/div>\n\t\t<\/section>\n\t\t\t\t\t<\/div>\n\t\t<\/div>\n\t\t\t\t\t<\/div>\n\t\t<\/section>\n\t\t\t\t<\/div>\n\t\t","protected":false},"excerpt":{"rendered":"<p>Brauchtumspflege Die Kostbarkeit unserer Br\u00e4uche. Wir sind tief gepr\u00e4gt durch eine Vielzahl von kleinen und wertvollen Br\u00e4uchen, die uns mit unserer Heimat verkn\u00fcpfen, die uns den Alltag erleichtern, und ihn mit Bedeutung f\u00fcllen. Wir- der Kur- und Verkehrsverein m\u00f6chten daf\u00fcr Sorge tragen, dass ihre tiefere Bedeutung und ihre Kostbarkeit weiterhin in unserem Bewusstsein verankert sind.z.b. &hellip; <\/p>\n<p class=\"link-more\"><a href=\"http:\/\/kuvv.de\/index.php\/brauchtumspflege-projekt\/\" class=\"more-link\">Mehr <span class=\"screen-reader-text\">\u00fcber &#8222;Brauchtumspflege Projekt&#8220; <\/span>Lesen<\/a><\/p>\n","protected":false},"author":3,"featured_media":0,"parent":0,"menu_order":0,"comment_status":"closed","ping_status":"closed","template":"","meta":{"footnotes":""},"class_list":["post-1140","page","type-page","status-publish","hentry"],"_links":{"self":[{"href":"http:\/\/kuvv.de\/index.php\/wp-json\/wp\/v2\/pages\/1140","targetHints":{"allow":["GET"]}}],"collection":[{"href":"http:\/\/kuvv.de\/index.php\/wp-json\/wp\/v2\/pages"}],"about":[{"href":"http:\/\/kuvv.de\/index.php\/wp-json\/wp\/v2\/types\/page"}],"author":[{"embeddable":true,"href":"http:\/\/kuvv.de\/index.php\/wp-json\/wp\/v2\/users\/3"}],"replies":[{"embeddable":true,"href":"http:\/\/kuvv.de\/index.php\/wp-json\/wp\/v2\/comments?post=1140"}],"version-history":[{"count":11,"href":"http:\/\/kuvv.de\/index.php\/wp-json\/wp\/v2\/pages\/1140\/revisions"}],"predecessor-version":[{"id":1862,"href":"http:\/\/kuvv.de\/index.php\/wp-json\/wp\/v2\/pages\/1140\/revisions\/1862"}],"wp:attachment":[{"href":"http:\/\/kuvv.de\/index.php\/wp-json\/wp\/v2\/media?parent=1140"}],"curies":[{"name":"wp","href":"https:\/\/api.w.org\/{rel}","templated":true}]}}