{"id":1131,"date":"2022-06-13T18:18:57","date_gmt":"2022-06-13T18:18:57","guid":{"rendered":"http:\/\/10.3.43.9\/?page_id=1131"},"modified":"2022-07-11T10:48:13","modified_gmt":"2022-07-11T08:48:13","slug":"swr4-sommernaechte","status":"publish","type":"page","link":"http:\/\/kuvv.de\/index.php\/swr4-sommernaechte\/","title":{"rendered":"SWR4 Sommern\u00e4chte"},"content":{"rendered":"\t\t<div data-elementor-type=\"wp-page\" data-elementor-id=\"1131\" class=\"elementor elementor-1131\">\n\t\t\t\t\t\t<section class=\"elementor-section elementor-top-section elementor-element elementor-element-2973ca73 elementor-section-boxed elementor-section-height-default elementor-section-height-default\" data-id=\"2973ca73\" data-element_type=\"section\" data-e-type=\"section\">\n\t\t\t\t\t\t<div class=\"elementor-container elementor-column-gap-default\">\n\t\t\t\t\t<div class=\"elementor-column elementor-col-100 elementor-top-column elementor-element elementor-element-5c37efe5\" data-id=\"5c37efe5\" data-element_type=\"column\" data-e-type=\"column\">\n\t\t\t<div class=\"elementor-widget-wrap elementor-element-populated\">\n\t\t\t\t\t\t<div class=\"elementor-element elementor-element-5ed5dce3 elementor-widget elementor-widget-text-editor\" data-id=\"5ed5dce3\" data-element_type=\"widget\" data-e-type=\"widget\" data-widget_type=\"text-editor.default\">\n\t\t\t\t<div class=\"elementor-widget-container\">\n\t\t\t\t\t\t\t\t\t\n<h2 class=\"has-text-align-center wp-block-heading\">SWR4 Sommern\u00e4chte<\/h2>\n\n\n\n<p>Der Kur- und Verkehrsverein unterst\u00fctzte die Durchf\u00fchrung der SWR4 Sommern\u00e4chte im August 2019 im Sole-Aktiv-Park mit den Kultbands &#8222;Papis Pumpels&#8220; und &#8222;voxXClub&#8220; durch Sponsoring.<\/p>\n\t\t\t\t\t\t\t\t<\/div>\n\t\t\t\t<\/div>\n\t\t\t\t\t<\/div>\n\t\t<\/div>\n\t\t\t\t\t<\/div>\n\t\t<\/section>\n\t\t\t\t<section class=\"elementor-section elementor-top-section elementor-element elementor-element-479af47 elementor-section-boxed elementor-section-height-default elementor-section-height-default\" data-id=\"479af47\" data-element_type=\"section\" data-e-type=\"section\">\n\t\t\t\t\t\t<div class=\"elementor-container elementor-column-gap-default\">\n\t\t\t\t\t<div class=\"elementor-column elementor-col-100 elementor-top-column elementor-element elementor-element-9994aae\" data-id=\"9994aae\" data-element_type=\"column\" data-e-type=\"column\">\n\t\t\t<div class=\"elementor-widget-wrap elementor-element-populated\">\n\t\t\t\t\t\t<div class=\"elementor-element elementor-element-e1c2667 elementor-widget-divider--view-line elementor-widget elementor-widget-divider\" data-id=\"e1c2667\" data-element_type=\"widget\" data-e-type=\"widget\" data-widget_type=\"divider.default\">\n\t\t\t\t<div class=\"elementor-widget-container\">\n\t\t\t\t\t\t\t<div class=\"elementor-divider\">\n\t\t\t<span class=\"elementor-divider-separator\">\n\t\t\t\t\t\t<\/span>\n\t\t<\/div>\n\t\t\t\t\t\t<\/div>\n\t\t\t\t<\/div>\n\t\t\t\t<section class=\"elementor-section elementor-inner-section elementor-element elementor-element-5873be4 elementor-section-boxed elementor-section-height-default elementor-section-height-default\" data-id=\"5873be4\" data-element_type=\"section\" data-e-type=\"section\">\n\t\t\t\t\t\t<div class=\"elementor-container elementor-column-gap-default\">\n\t\t\t\t\t<div class=\"elementor-column elementor-col-33 elementor-inner-column elementor-element elementor-element-816cd67\" data-id=\"816cd67\" data-element_type=\"column\" data-e-type=\"column\">\n\t\t\t<div class=\"elementor-widget-wrap elementor-element-populated\">\n\t\t\t\t\t\t<div class=\"elementor-element elementor-element-12d2659 elementor-position-top elementor-widget elementor-widget-image-box\" data-id=\"12d2659\" data-element_type=\"widget\" data-e-type=\"widget\" data-widget_type=\"image-box.default\">\n\t\t\t\t<div class=\"elementor-widget-container\">\n\t\t\t\t\t<div class=\"elementor-image-box-wrapper\"><figure class=\"elementor-image-box-img\"><a href=\"http:\/\/kuvv.de\/index.php\/traditionsinsel\/#\" tabindex=\"-1\"><img fetchpriority=\"high\" decoding=\"async\" width=\"200\" height=\"300\" src=\"http:\/\/kuvv.de\/wp-content\/uploads\/2022\/06\/Aktiv_Sole_Park_Verein2-200x300.jpg\" class=\"elementor-animation-shrink attachment-medium size-medium wp-image-883\" alt=\"\" srcset=\"http:\/\/kuvv.de\/wp-content\/uploads\/2022\/06\/Aktiv_Sole_Park_Verein2-200x300.jpg 200w, http:\/\/kuvv.de\/wp-content\/uploads\/2022\/06\/Aktiv_Sole_Park_Verein2.jpg 512w\" sizes=\"(max-width: 200px) 100vw, 200px\" \/><\/a><\/figure><div class=\"elementor-image-box-content\"><p class=\"elementor-image-box-description\">Aktuelle Projekte<\/p><\/div><\/div>\t\t\t\t<\/div>\n\t\t\t\t<\/div>\n\t\t\t\t\t<\/div>\n\t\t<\/div>\n\t\t\t\t<div class=\"elementor-column elementor-col-33 elementor-inner-column elementor-element elementor-element-ad8d4a7\" data-id=\"ad8d4a7\" data-element_type=\"column\" data-e-type=\"column\">\n\t\t\t<div class=\"elementor-widget-wrap elementor-element-populated\">\n\t\t\t\t\t\t<div class=\"elementor-element elementor-element-6fcc13a elementor-position-top elementor-widget elementor-widget-image-box\" data-id=\"6fcc13a\" data-element_type=\"widget\" data-e-type=\"widget\" data-widget_type=\"image-box.default\">\n\t\t\t\t<div class=\"elementor-widget-container\">\n\t\t\t\t\t<div class=\"elementor-image-box-wrapper\"><figure class=\"elementor-image-box-img\"><a href=\"http:\/\/kuvv.de\/index.php\/zukuenftige-projekte\/\" tabindex=\"-1\"><img decoding=\"async\" width=\"225\" height=\"300\" src=\"http:\/\/kuvv.de\/wp-content\/uploads\/2022\/05\/Rathaus_Wengler2-225x300.jpg\" class=\"elementor-animation-shrink attachment-medium size-medium wp-image-480\" alt=\"\" srcset=\"http:\/\/kuvv.de\/wp-content\/uploads\/2022\/05\/Rathaus_Wengler2-225x300.jpg 225w, http:\/\/kuvv.de\/wp-content\/uploads\/2022\/05\/Rathaus_Wengler2.jpg 576w\" sizes=\"(max-width: 225px) 100vw, 225px\" \/><\/a><\/figure><div class=\"elementor-image-box-content\"><p class=\"elementor-image-box-description\">Zuk\u00fcnftige Projekte<\/p><\/div><\/div>\t\t\t\t<\/div>\n\t\t\t\t<\/div>\n\t\t\t\t\t<\/div>\n\t\t<\/div>\n\t\t\t\t<div class=\"elementor-column elementor-col-33 elementor-inner-column elementor-element elementor-element-8959509\" data-id=\"8959509\" data-element_type=\"column\" data-e-type=\"column\">\n\t\t\t<div class=\"elementor-widget-wrap elementor-element-populated\">\n\t\t\t\t\t\t<div class=\"elementor-element elementor-element-e418860 elementor-position-top elementor-widget elementor-widget-image-box\" data-id=\"e418860\" data-element_type=\"widget\" data-e-type=\"widget\" data-widget_type=\"image-box.default\">\n\t\t\t\t<div class=\"elementor-widget-container\">\n\t\t\t\t\t<div class=\"elementor-image-box-wrapper\"><figure class=\"elementor-image-box-img\"><a href=\"http:\/\/kuvv.de\/index.php\/vergangene-projekte\/\" tabindex=\"-1\"><img decoding=\"async\" width=\"217\" height=\"300\" src=\"http:\/\/kuvv.de\/wp-content\/uploads\/2022\/06\/kurpark_wengler-2-217x300.jpg\" class=\"elementor-animation-shrink attachment-medium size-medium wp-image-954\" alt=\"\" srcset=\"http:\/\/kuvv.de\/wp-content\/uploads\/2022\/06\/kurpark_wengler-2-217x300.jpg 217w, http:\/\/kuvv.de\/wp-content\/uploads\/2022\/06\/kurpark_wengler-2.jpg 556w\" sizes=\"(max-width: 217px) 100vw, 217px\" \/><\/a><\/figure><div class=\"elementor-image-box-content\"><p class=\"elementor-image-box-description\">Vergangene Projekte<\/p><\/div><\/div>\t\t\t\t<\/div>\n\t\t\t\t<\/div>\n\t\t\t\t\t<\/div>\n\t\t<\/div>\n\t\t\t\t\t<\/div>\n\t\t<\/section>\n\t\t\t\t\t<\/div>\n\t\t<\/div>\n\t\t\t\t\t<\/div>\n\t\t<\/section>\n\t\t\t\t<\/div>\n\t\t","protected":false},"excerpt":{"rendered":"<p>SWR4 Sommern\u00e4chte Der Kur- und Verkehrsverein unterst\u00fctzte die Durchf\u00fchrung der SWR4 Sommern\u00e4chte im August 2019 im Sole-Aktiv-Park mit den Kultbands &#8222;Papis Pumpels&#8220; und &#8222;voxXClub&#8220; durch Sponsoring. Aktuelle Projekte Zuk\u00fcnftige Projekte Vergangene Projekte<\/p>\n","protected":false},"author":3,"featured_media":0,"parent":0,"menu_order":0,"comment_status":"closed","ping_status":"closed","template":"","meta":{"footnotes":""},"class_list":["post-1131","page","type-page","status-publish","hentry"],"_links":{"self":[{"href":"http:\/\/kuvv.de\/index.php\/wp-json\/wp\/v2\/pages\/1131","targetHints":{"allow":["GET"]}}],"collection":[{"href":"http:\/\/kuvv.de\/index.php\/wp-json\/wp\/v2\/pages"}],"about":[{"href":"http:\/\/kuvv.de\/index.php\/wp-json\/wp\/v2\/types\/page"}],"author":[{"embeddable":true,"href":"http:\/\/kuvv.de\/index.php\/wp-json\/wp\/v2\/users\/3"}],"replies":[{"embeddable":true,"href":"http:\/\/kuvv.de\/index.php\/wp-json\/wp\/v2\/comments?post=1131"}],"version-history":[{"count":11,"href":"http:\/\/kuvv.de\/index.php\/wp-json\/wp\/v2\/pages\/1131\/revisions"}],"predecessor-version":[{"id":1881,"href":"http:\/\/kuvv.de\/index.php\/wp-json\/wp\/v2\/pages\/1131\/revisions\/1881"}],"wp:attachment":[{"href":"http:\/\/kuvv.de\/index.php\/wp-json\/wp\/v2\/media?parent=1131"}],"curies":[{"name":"wp","href":"https:\/\/api.w.org\/{rel}","templated":true}]}}