{"id":1128,"date":"2022-06-13T18:18:15","date_gmt":"2022-06-13T18:18:15","guid":{"rendered":"http:\/\/10.3.43.9\/?page_id=1128"},"modified":"2022-07-11T10:48:00","modified_gmt":"2022-07-11T08:48:00","slug":"750-jahre-langenbruecken-fank-ausstellung","status":"publish","type":"page","link":"http:\/\/kuvv.de\/index.php\/750-jahre-langenbruecken-fank-ausstellung\/","title":{"rendered":"750 Jahre Langenbr\u00fccken &#8211; Fank-Ausstellung"},"content":{"rendered":"\t\t<div data-elementor-type=\"wp-page\" data-elementor-id=\"1128\" class=\"elementor elementor-1128\">\n\t\t\t\t\t\t<section class=\"elementor-section elementor-top-section elementor-element elementor-element-7e04d741 elementor-section-boxed elementor-section-height-default elementor-section-height-default\" data-id=\"7e04d741\" data-element_type=\"section\" data-e-type=\"section\">\n\t\t\t\t\t\t<div class=\"elementor-container elementor-column-gap-default\">\n\t\t\t\t\t<div class=\"elementor-column elementor-col-100 elementor-top-column elementor-element elementor-element-7c7bd94f\" data-id=\"7c7bd94f\" data-element_type=\"column\" data-e-type=\"column\">\n\t\t\t<div class=\"elementor-widget-wrap elementor-element-populated\">\n\t\t\t\t\t\t<div class=\"elementor-element elementor-element-f104730 elementor-widget elementor-widget-text-editor\" data-id=\"f104730\" data-element_type=\"widget\" data-e-type=\"widget\" data-widget_type=\"text-editor.default\">\n\t\t\t\t<div class=\"elementor-widget-container\">\n\t\t\t\t\t\t\t\t\t\n<h2 class=\"has-text-align-center wp-block-heading\">750 Jahre Langenbr\u00fccken &#8211; Fank-Ausstellung<\/h2>\n\n\n\n<p>Der Kur- und Verkehrsverein hat die Anschaffung der Bilderrahmen f\u00fcr die Fank-Kunst-Ausstellung im Rathaus Langenbr\u00fccken gestiftet. Die Bilder des heimischen K\u00fcnstlers konnten dadurch optimal in Szene gesetzt werden.<\/p>\n\n\n\n<p><\/p>\n\t\t\t\t\t\t\t\t<\/div>\n\t\t\t\t<\/div>\n\t\t\t\t\t<\/div>\n\t\t<\/div>\n\t\t\t\t\t<\/div>\n\t\t<\/section>\n\t\t\t\t<section class=\"elementor-section elementor-top-section elementor-element elementor-element-c745914 elementor-section-boxed elementor-section-height-default elementor-section-height-default\" data-id=\"c745914\" data-element_type=\"section\" data-e-type=\"section\">\n\t\t\t\t\t\t<div class=\"elementor-container elementor-column-gap-default\">\n\t\t\t\t\t<div class=\"elementor-column elementor-col-100 elementor-top-column elementor-element elementor-element-92d335f\" data-id=\"92d335f\" data-element_type=\"column\" data-e-type=\"column\">\n\t\t\t<div class=\"elementor-widget-wrap elementor-element-populated\">\n\t\t\t\t\t\t<div class=\"elementor-element elementor-element-5673340 elementor-widget-divider--view-line elementor-widget elementor-widget-divider\" data-id=\"5673340\" data-element_type=\"widget\" data-e-type=\"widget\" data-widget_type=\"divider.default\">\n\t\t\t\t<div class=\"elementor-widget-container\">\n\t\t\t\t\t\t\t<div class=\"elementor-divider\">\n\t\t\t<span class=\"elementor-divider-separator\">\n\t\t\t\t\t\t<\/span>\n\t\t<\/div>\n\t\t\t\t\t\t<\/div>\n\t\t\t\t<\/div>\n\t\t\t\t<section class=\"elementor-section elementor-inner-section elementor-element elementor-element-8bfafa9 elementor-section-boxed elementor-section-height-default elementor-section-height-default\" data-id=\"8bfafa9\" data-element_type=\"section\" data-e-type=\"section\">\n\t\t\t\t\t\t<div class=\"elementor-container elementor-column-gap-default\">\n\t\t\t\t\t<div class=\"elementor-column elementor-col-33 elementor-inner-column elementor-element elementor-element-1af0838\" data-id=\"1af0838\" data-element_type=\"column\" data-e-type=\"column\">\n\t\t\t<div class=\"elementor-widget-wrap elementor-element-populated\">\n\t\t\t\t\t\t<div class=\"elementor-element elementor-element-71b4bfc elementor-position-top elementor-widget elementor-widget-image-box\" data-id=\"71b4bfc\" data-element_type=\"widget\" data-e-type=\"widget\" data-widget_type=\"image-box.default\">\n\t\t\t\t<div class=\"elementor-widget-container\">\n\t\t\t\t\t<div class=\"elementor-image-box-wrapper\"><figure class=\"elementor-image-box-img\"><a href=\"http:\/\/kuvv.de\/index.php\/traditionsinsel\/#\" tabindex=\"-1\"><img fetchpriority=\"high\" decoding=\"async\" width=\"200\" height=\"300\" src=\"http:\/\/kuvv.de\/wp-content\/uploads\/2022\/06\/Aktiv_Sole_Park_Verein2-200x300.jpg\" class=\"elementor-animation-shrink attachment-medium size-medium wp-image-883\" alt=\"\" srcset=\"http:\/\/kuvv.de\/wp-content\/uploads\/2022\/06\/Aktiv_Sole_Park_Verein2-200x300.jpg 200w, http:\/\/kuvv.de\/wp-content\/uploads\/2022\/06\/Aktiv_Sole_Park_Verein2.jpg 512w\" sizes=\"(max-width: 200px) 100vw, 200px\" \/><\/a><\/figure><div class=\"elementor-image-box-content\"><p class=\"elementor-image-box-description\">Aktuelle Projekte<\/p><\/div><\/div>\t\t\t\t<\/div>\n\t\t\t\t<\/div>\n\t\t\t\t\t<\/div>\n\t\t<\/div>\n\t\t\t\t<div class=\"elementor-column elementor-col-33 elementor-inner-column elementor-element elementor-element-82ef0fd\" data-id=\"82ef0fd\" data-element_type=\"column\" data-e-type=\"column\">\n\t\t\t<div class=\"elementor-widget-wrap elementor-element-populated\">\n\t\t\t\t\t\t<div class=\"elementor-element elementor-element-174007c elementor-position-top elementor-widget elementor-widget-image-box\" data-id=\"174007c\" data-element_type=\"widget\" data-e-type=\"widget\" data-widget_type=\"image-box.default\">\n\t\t\t\t<div class=\"elementor-widget-container\">\n\t\t\t\t\t<div class=\"elementor-image-box-wrapper\"><figure class=\"elementor-image-box-img\"><a href=\"http:\/\/kuvv.de\/index.php\/zukuenftige-projekte\/\" tabindex=\"-1\"><img decoding=\"async\" width=\"225\" height=\"300\" src=\"http:\/\/kuvv.de\/wp-content\/uploads\/2022\/05\/Rathaus_Wengler2-225x300.jpg\" class=\"elementor-animation-shrink attachment-medium size-medium wp-image-480\" alt=\"\" srcset=\"http:\/\/kuvv.de\/wp-content\/uploads\/2022\/05\/Rathaus_Wengler2-225x300.jpg 225w, http:\/\/kuvv.de\/wp-content\/uploads\/2022\/05\/Rathaus_Wengler2.jpg 576w\" sizes=\"(max-width: 225px) 100vw, 225px\" \/><\/a><\/figure><div class=\"elementor-image-box-content\"><p class=\"elementor-image-box-description\">Zuk\u00fcnftige Projekte<\/p><\/div><\/div>\t\t\t\t<\/div>\n\t\t\t\t<\/div>\n\t\t\t\t\t<\/div>\n\t\t<\/div>\n\t\t\t\t<div class=\"elementor-column elementor-col-33 elementor-inner-column elementor-element elementor-element-9543780\" data-id=\"9543780\" data-element_type=\"column\" data-e-type=\"column\">\n\t\t\t<div class=\"elementor-widget-wrap elementor-element-populated\">\n\t\t\t\t\t\t<div class=\"elementor-element elementor-element-9f431e3 elementor-position-top elementor-widget elementor-widget-image-box\" data-id=\"9f431e3\" data-element_type=\"widget\" data-e-type=\"widget\" data-widget_type=\"image-box.default\">\n\t\t\t\t<div class=\"elementor-widget-container\">\n\t\t\t\t\t<div class=\"elementor-image-box-wrapper\"><figure class=\"elementor-image-box-img\"><a href=\"http:\/\/kuvv.de\/index.php\/vergangene-projekte\/\" tabindex=\"-1\"><img decoding=\"async\" width=\"217\" height=\"300\" src=\"http:\/\/kuvv.de\/wp-content\/uploads\/2022\/06\/kurpark_wengler-2-217x300.jpg\" class=\"elementor-animation-shrink attachment-medium size-medium wp-image-954\" alt=\"\" srcset=\"http:\/\/kuvv.de\/wp-content\/uploads\/2022\/06\/kurpark_wengler-2-217x300.jpg 217w, http:\/\/kuvv.de\/wp-content\/uploads\/2022\/06\/kurpark_wengler-2.jpg 556w\" sizes=\"(max-width: 217px) 100vw, 217px\" \/><\/a><\/figure><div class=\"elementor-image-box-content\"><p class=\"elementor-image-box-description\">Vergangene Projekte<\/p><\/div><\/div>\t\t\t\t<\/div>\n\t\t\t\t<\/div>\n\t\t\t\t\t<\/div>\n\t\t<\/div>\n\t\t\t\t\t<\/div>\n\t\t<\/section>\n\t\t\t\t\t<\/div>\n\t\t<\/div>\n\t\t\t\t\t<\/div>\n\t\t<\/section>\n\t\t\t\t<\/div>\n\t\t","protected":false},"excerpt":{"rendered":"<p>750 Jahre Langenbr\u00fccken &#8211; Fank-Ausstellung Der Kur- und Verkehrsverein hat die Anschaffung der Bilderrahmen f\u00fcr die Fank-Kunst-Ausstellung im Rathaus Langenbr\u00fccken gestiftet. Die Bilder des heimischen K\u00fcnstlers konnten dadurch optimal in Szene gesetzt werden. Aktuelle Projekte Zuk\u00fcnftige Projekte Vergangene Projekte<\/p>\n","protected":false},"author":3,"featured_media":0,"parent":0,"menu_order":0,"comment_status":"closed","ping_status":"closed","template":"","meta":{"footnotes":""},"class_list":["post-1128","page","type-page","status-publish","hentry"],"_links":{"self":[{"href":"http:\/\/kuvv.de\/index.php\/wp-json\/wp\/v2\/pages\/1128","targetHints":{"allow":["GET"]}}],"collection":[{"href":"http:\/\/kuvv.de\/index.php\/wp-json\/wp\/v2\/pages"}],"about":[{"href":"http:\/\/kuvv.de\/index.php\/wp-json\/wp\/v2\/types\/page"}],"author":[{"embeddable":true,"href":"http:\/\/kuvv.de\/index.php\/wp-json\/wp\/v2\/users\/3"}],"replies":[{"embeddable":true,"href":"http:\/\/kuvv.de\/index.php\/wp-json\/wp\/v2\/comments?post=1128"}],"version-history":[{"count":11,"href":"http:\/\/kuvv.de\/index.php\/wp-json\/wp\/v2\/pages\/1128\/revisions"}],"predecessor-version":[{"id":1878,"href":"http:\/\/kuvv.de\/index.php\/wp-json\/wp\/v2\/pages\/1128\/revisions\/1878"}],"wp:attachment":[{"href":"http:\/\/kuvv.de\/index.php\/wp-json\/wp\/v2\/media?parent=1128"}],"curies":[{"name":"wp","href":"https:\/\/api.w.org\/{rel}","templated":true}]}}